{"id":115,"date":"2017-02-15T09:25:26","date_gmt":"2017-02-15T11:25:26","guid":{"rendered":"http:\/\/guia.canoas.ifrs.edu.br\/?page_id=115"},"modified":"2017-02-16T09:22:37","modified_gmt":"2017-02-16T11:22:37","slug":"sobre","status":"publish","type":"page","link":"https:\/\/guia.canoas.ifrs.edu.br\/index.php\/sobre\/","title":{"rendered":"Sobre"},"content":{"rendered":"<ul>\n<li><a href=\"http:\/\/guia.canoas.ifrs.edu.br\/index.php\/sobre-o-campus\/\">Sobre o Campus Canoas<\/a><\/li>\n<\/ul>\n<p>&nbsp;<\/p>\n<ul>\n<li><a href=\"http:\/\/guia.canoas.ifrs.edu.br\/index.php\/sobre-o-ifrs\/\">Sobre o Instituto Federal de Educa\u00e7\u00e3o, Ci\u00eancia e Tecnologia do Rio Grande do Sul (IFRS)<\/a><\/li>\n<\/ul>\n<p>&nbsp;<\/p>\n<ul>\n<li><a href=\"http:\/\/guia.canoas.ifrs.edu.br\/index.php\/sobre-a-rede-federal\/\">Sobre a Rede Federal de Educa\u00e7\u00e3o Profissional, Cient\u00edfica e Tecnol\u00edogica<\/a><\/li>\n<\/ul>\n","protected":false},"excerpt":{"rendered":"<p>Sobre o Campus Canoas &nbsp; Sobre o Instituto Federal de Educa\u00e7\u00e3o, Ci\u00eancia e Tecnologia do Rio Grande do Sul (IFRS) &nbsp; Sobre a Rede Federal de Educa\u00e7\u00e3o Profissional, Cient\u00edfica e Tecnol\u00edogica<\/p>\n","protected":false},"author":2,"featured_media":0,"parent":0,"menu_order":0,"comment_status":"closed","ping_status":"closed","template":"","meta":{"footnotes":""},"class_list":["post-115","page","type-page","status-publish","hentry"],"_links":{"self":[{"href":"https:\/\/guia.canoas.ifrs.edu.br\/index.php\/wp-json\/wp\/v2\/pages\/115","targetHints":{"allow":["GET"]}}],"collection":[{"href":"https:\/\/guia.canoas.ifrs.edu.br\/index.php\/wp-json\/wp\/v2\/pages"}],"about":[{"href":"https:\/\/guia.canoas.ifrs.edu.br\/index.php\/wp-json\/wp\/v2\/types\/page"}],"author":[{"embeddable":true,"href":"https:\/\/guia.canoas.ifrs.edu.br\/index.php\/wp-json\/wp\/v2\/users\/2"}],"replies":[{"embeddable":true,"href":"https:\/\/guia.canoas.ifrs.edu.br\/index.php\/wp-json\/wp\/v2\/comments?post=115"}],"version-history":[{"count":11,"href":"https:\/\/guia.canoas.ifrs.edu.br\/index.php\/wp-json\/wp\/v2\/pages\/115\/revisions"}],"predecessor-version":[{"id":165,"href":"https:\/\/guia.canoas.ifrs.edu.br\/index.php\/wp-json\/wp\/v2\/pages\/115\/revisions\/165"}],"wp:attachment":[{"href":"https:\/\/guia.canoas.ifrs.edu.br\/index.php\/wp-json\/wp\/v2\/media?parent=115"}],"curies":[{"name":"wp","href":"https:\/\/api.w.org\/{rel}","templated":true}]}}