{"id":2,"date":"2017-02-09T10:53:51","date_gmt":"2017-02-09T12:53:51","guid":{"rendered":"http:\/\/guia.canoas.ifrs.edu.br\/?page_id=2"},"modified":"2024-02-18T19:02:43","modified_gmt":"2024-02-18T22:02:43","slug":"pagina-exemplo","status":"publish","type":"page","link":"https:\/\/guia.canoas.ifrs.edu.br\/","title":{"rendered":"P\u00e1gina Inicial"},"content":{"rendered":"<h4><img loading=\"lazy\" decoding=\"async\" class=\"wp-image-463 alignright\" src=\"http:\/\/guia.canoas.ifrs.edu.br\/wp-content\/uploads\/2024\/02\/volta_aulas_2024_gr-300x114.png\" alt=\"\" width=\"378\" height=\"144\" srcset=\"https:\/\/guia.canoas.ifrs.edu.br\/wp-content\/uploads\/2024\/02\/volta_aulas_2024_gr-300x114.png 300w, https:\/\/guia.canoas.ifrs.edu.br\/wp-content\/uploads\/2024\/02\/volta_aulas_2024_gr-768x291.png 768w, https:\/\/guia.canoas.ifrs.edu.br\/wp-content\/uploads\/2024\/02\/volta_aulas_2024_gr.png 860w\" sizes=\"auto, (max-width: 378px) 100vw, 378px\" \/>Bem-vindo(a) ao Campus Canoas!<\/h4>\n<p>Elaboramos este ambiente para auxili\u00e1-lo(a) nesse in\u00edcio de jornada junto conosco.<\/p>\n<p>Este pequeno espa\u00e7o virtual n\u00e3o substitui nosso site. \u00c9 l\u00e1 que voc\u00ea vai conseguir todas as informa\u00e7\u00f5es, not\u00edcias, enfim, como o campus \u00e9 formado e tudo que rola no dia-a-dia est\u00e1 l\u00e1 em <a href=\"http:\/\/ifrs.edu.br\/canoas\" target=\"_blank\" rel=\"noopener noreferrer\"><strong>ifrs.edu.br\/canoas<\/strong><\/a>.<\/p>\n<p>Mas aqui, voc\u00ea que est\u00e1 chegando pode ter uma vis\u00e3o mais simplificada e acessar informa\u00e7\u00f5es b\u00e1sicas para se ambientar nesse primeiro momento.<\/p>\n<p>Aproveite e bons estudos!<\/p>\n<p><span style=\"color: #ffffff;\">.<\/span><\/p>\n<h4>Compartilhe seus momentos<\/h4>\n<p>Suas fotos dessa volta \u00e0s aulas podem ser compartilhadas com as hashtags <strong>#IFRSCanoas<\/strong> e<strong> #MundoIFRS<\/strong>.<\/p>\n<p>Fa\u00e7a parte dessa grande turma!<\/p>\n<p><span style=\"color: #ffffff;\">.<\/span><\/p>\n\n\n<p><\/p>\n","protected":false},"excerpt":{"rendered":"<p>Bem-vindo(a) ao Campus Canoas! Elaboramos este ambiente para auxili\u00e1-lo(a) nesse in\u00edcio de jornada junto conosco. Este pequeno espa\u00e7o virtual n\u00e3o substitui nosso site. \u00c9 l\u00e1 que voc\u00ea vai conseguir todas as informa\u00e7\u00f5es, not\u00edcias, enfim, como o campus \u00e9 formado e<\/p>\n","protected":false},"author":1,"featured_media":0,"parent":0,"menu_order":0,"comment_status":"closed","ping_status":"open","template":"","meta":{"footnotes":""},"class_list":["post-2","page","type-page","status-publish","hentry"],"_links":{"self":[{"href":"https:\/\/guia.canoas.ifrs.edu.br\/index.php\/wp-json\/wp\/v2\/pages\/2","targetHints":{"allow":["GET"]}}],"collection":[{"href":"https:\/\/guia.canoas.ifrs.edu.br\/index.php\/wp-json\/wp\/v2\/pages"}],"about":[{"href":"https:\/\/guia.canoas.ifrs.edu.br\/index.php\/wp-json\/wp\/v2\/types\/page"}],"author":[{"embeddable":true,"href":"https:\/\/guia.canoas.ifrs.edu.br\/index.php\/wp-json\/wp\/v2\/users\/1"}],"replies":[{"embeddable":true,"href":"https:\/\/guia.canoas.ifrs.edu.br\/index.php\/wp-json\/wp\/v2\/comments?post=2"}],"version-history":[{"count":33,"href":"https:\/\/guia.canoas.ifrs.edu.br\/index.php\/wp-json\/wp\/v2\/pages\/2\/revisions"}],"predecessor-version":[{"id":487,"href":"https:\/\/guia.canoas.ifrs.edu.br\/index.php\/wp-json\/wp\/v2\/pages\/2\/revisions\/487"}],"wp:attachment":[{"href":"https:\/\/guia.canoas.ifrs.edu.br\/index.php\/wp-json\/wp\/v2\/media?parent=2"}],"curies":[{"name":"wp","href":"https:\/\/api.w.org\/{rel}","templated":true}]}}