{"id":26,"date":"2017-02-14T15:44:34","date_gmt":"2017-02-14T17:44:34","guid":{"rendered":"http:\/\/guia.canoas.ifrs.edu.br\/?page_id=26"},"modified":"2024-02-12T13:03:18","modified_gmt":"2024-02-12T15:03:18","slug":"sobre-o-campus","status":"publish","type":"page","link":"https:\/\/guia.canoas.ifrs.edu.br\/index.php\/sobre-o-campus\/","title":{"rendered":"Sobre o campus"},"content":{"rendered":"<p><img loading=\"lazy\" decoding=\"async\" class=\" wp-image-318 alignright\" src=\"http:\/\/guia.canoas.ifrs.edu.br\/wp-content\/uploads\/2024\/02\/Fachada1-300x225.jpg\" alt=\"\" width=\"384\" height=\"288\" srcset=\"https:\/\/guia.canoas.ifrs.edu.br\/wp-content\/uploads\/2024\/02\/Fachada1-300x225.jpg 300w, https:\/\/guia.canoas.ifrs.edu.br\/wp-content\/uploads\/2024\/02\/Fachada1-768x576.jpg 768w, https:\/\/guia.canoas.ifrs.edu.br\/wp-content\/uploads\/2024\/02\/Fachada1.jpg 960w\" sizes=\"auto, (max-width: 384px) 100vw, 384px\" \/>O Campus Canoas do Instituto Federal de Educa\u00e7\u00e3o, Ci\u00eancia e Tecnologia do Rio Grande do Sul (IFRS) foi fundado em 25 de agosto de 2007. A unidade visa a ofertar educa\u00e7\u00e3o profissional e tecnol\u00f3gica, em todos os seus n\u00edveis e modalidades<span class=\"text_exposed_show\">.<\/span><\/p>\n<p><strong>O IFRS \u00e9 a\u00a0\u00fanica institui\u00e7\u00e3o p\u00fablica de Canoas a ofertar gratuitamente cursos de n\u00edvel superior, especializa\u00e7\u00f5es e mestrado, al\u00e9m dos t\u00e9cnicos profissionalizantes integrados ao Ensino M\u00e9dio<\/strong>.<\/p>\n<p><span style=\"color: #ffffff;\">.<\/span><\/p>\n<h4><strong>Apoio \u00e0 perman\u00eancia<\/strong><\/h4>\n<p>Ao ingressar,\u00a0<strong>o estudante pode receber apoio financeiro<\/strong> para suprir necessidades possibilitando sua perman\u00eancia na institui\u00e7\u00e3o e conclus\u00e3o do curso. Os benef\u00edcios da Assist\u00eancia Estudantil envolvem bolsas alimenta\u00e7\u00e3o, transporte, sa\u00fade, creche, entre outras. Para tanto, a equipe da <a href=\"http:\/\/guia.canoas.ifrs.edu.br\/index.php\/assistencia-estudantil\/\" target=\"_blank\" rel=\"noopener noreferrer\">Coordenadoria de Assist\u00eancia Estudantil<\/a> faz entrevistas, junta documenta\u00e7\u00e3o e analisa as condi\u00e7\u00f5es de cada estudante para definir valores.<\/p>\n<p><span style=\"color: #ffffff;\">.<\/span><\/p>\n<h4><strong>Equipe qualificada<\/strong><\/h4>\n<p>O IFRS prioriza e incentiva a qualifica\u00e7\u00e3o dos seus professores.\u00a0<strong>Cerca de 75% do quadro docente \u00e9 formado de doutores e p\u00f3s doutores, e 25% de mestres, alguns deles com doutorado em andamento<\/strong>. A maioria \u00e9 composta de servidores concursados, sendo que alguns possuem contratos tempor\u00e1rios como professores substitutos \u00e0queles que est\u00e3o afastados para qualifica\u00e7\u00e3o. Atualmente\u00a0<strong>70 professores e 45 t\u00e9cnicos administrativos<\/strong>\u00a0trabalham no Campus Canoas.<\/p>\n<p><span style=\"color: #ffffff;\">.<\/span><\/p>\n<h4><strong>Excel\u00eancia nos resultados<\/strong><\/h4>\n<p>A qualidade dos cursos reflete na empregabilidade dos egressos. Alguns come\u00e7am a trabalhar na \u00e1rea que escolheram antes mesmo de terminar os estudos. Al\u00e9m disso, os estudantes tamb\u00e9m comprovam a excel\u00eancia na educa\u00e7\u00e3o por meio de premia\u00e7\u00f5es. Eles conquistaram, por exemplo, medalhas de ouro na Olimp\u00edada Internacional Sem Fronteiras, na Olimp\u00edada Brasileira de Inform\u00e1tica, Olimp\u00edada Brasileira de Astronomia e Astron\u00e1utica, Olimp\u00edada Brasileira de Matem\u00e1tica das Escolas P\u00fablicas, entre outros pr\u00eamios.<\/p>\n<p>Al\u00e9m das atividades de ensino, o Campus Canoas do IFRS tamb\u00e9m\u00a0<strong>d\u00e1 retorno \u00e0 comunidade por meio de projetos de Pesquisa e de a\u00e7\u00f5es de Extens\u00e3o<\/strong>. Outra a\u00e7\u00e3o desenvolvida no campus, por exemplo, \u00e9 a Incubadora Social e Tecnol\u00f3gica de Canoas, a SocialTec, uma incubadora mista, sem fins lucrativos, que se destina a apoiar organiza\u00e7\u00f5es e empreendedores propiciando-lhes ambiente e condi\u00e7\u00f5es apropriadas para consolida\u00e7\u00e3o de seus empreendimentos.<\/p>\n","protected":false},"excerpt":{"rendered":"<p>O Campus Canoas do Instituto Federal de Educa\u00e7\u00e3o, Ci\u00eancia e Tecnologia do Rio Grande do Sul (IFRS) foi fundado em 25 de agosto de 2007. A unidade visa a ofertar educa\u00e7\u00e3o profissional e tecnol\u00f3gica, em todos os seus n\u00edveis e<\/p>\n","protected":false},"author":2,"featured_media":0,"parent":0,"menu_order":0,"comment_status":"closed","ping_status":"closed","template":"","meta":{"footnotes":""},"class_list":["post-26","page","type-page","status-publish","hentry"],"_links":{"self":[{"href":"https:\/\/guia.canoas.ifrs.edu.br\/index.php\/wp-json\/wp\/v2\/pages\/26","targetHints":{"allow":["GET"]}}],"collection":[{"href":"https:\/\/guia.canoas.ifrs.edu.br\/index.php\/wp-json\/wp\/v2\/pages"}],"about":[{"href":"https:\/\/guia.canoas.ifrs.edu.br\/index.php\/wp-json\/wp\/v2\/types\/page"}],"author":[{"embeddable":true,"href":"https:\/\/guia.canoas.ifrs.edu.br\/index.php\/wp-json\/wp\/v2\/users\/2"}],"replies":[{"embeddable":true,"href":"https:\/\/guia.canoas.ifrs.edu.br\/index.php\/wp-json\/wp\/v2\/comments?post=26"}],"version-history":[{"count":14,"href":"https:\/\/guia.canoas.ifrs.edu.br\/index.php\/wp-json\/wp\/v2\/pages\/26\/revisions"}],"predecessor-version":[{"id":358,"href":"https:\/\/guia.canoas.ifrs.edu.br\/index.php\/wp-json\/wp\/v2\/pages\/26\/revisions\/358"}],"wp:attachment":[{"href":"https:\/\/guia.canoas.ifrs.edu.br\/index.php\/wp-json\/wp\/v2\/media?parent=26"}],"curies":[{"name":"wp","href":"https:\/\/api.w.org\/{rel}","templated":true}]}}