{"id":277,"date":"2017-02-17T15:41:14","date_gmt":"2017-02-17T17:41:14","guid":{"rendered":"http:\/\/guia.canoas.ifrs.edu.br\/?page_id=277"},"modified":"2024-02-17T17:29:28","modified_gmt":"2024-02-17T19:29:28","slug":"nucleos-2","status":"publish","type":"page","link":"https:\/\/guia.canoas.ifrs.edu.br\/index.php\/nucleos-2\/","title":{"rendered":"N\u00facleos"},"content":{"rendered":"<h4><img loading=\"lazy\" decoding=\"async\" class=\" wp-image-443 alignright\" src=\"http:\/\/guia.canoas.ifrs.edu.br\/wp-content\/uploads\/2024\/02\/napne-logo-300x187.jpg\" alt=\"\" width=\"382\" height=\"238\" srcset=\"https:\/\/guia.canoas.ifrs.edu.br\/wp-content\/uploads\/2024\/02\/napne-logo-300x187.jpg 300w, https:\/\/guia.canoas.ifrs.edu.br\/wp-content\/uploads\/2024\/02\/napne-logo.jpg 516w\" sizes=\"auto, (max-width: 382px) 100vw, 382px\" \/><\/h4>\n<h4 class=\"conteudo\">N\u00facleo de Atendimento \u00e0s pessoas com Necessidades Educacionais Espec\u00edficas (Napne)<\/h4>\n<p><b><span style=\"color: #ffffff;\">.<\/span><\/b><\/p>\n<p>O N\u00facleo de Atendimento \u00e0s Pessoas com Necessidades Educacionais Espec\u00edficas (Napne) do Instituto Federal de Educa\u00e7\u00e3o, Ci\u00eancia e Tecnologia do Rio Grande do Sul \u00e9 um setor propositivo e consultivo que media a educa\u00e7\u00e3o inclusiva na institui\u00e7\u00e3o. Os Napnes s\u00e3o facilitadores e disseminadores de a\u00e7\u00f5es inclusivas, buscando n\u00e3o apenas a inclus\u00e3o de estudantes com necessidades educacionais espec\u00edficas nos bancos escolares, mas, tamb\u00e9m, sua perman\u00eancia e sa\u00edda exitosa para o mundo do trabalho, atuando no ensino, na pesquisa e na extens\u00e3o.<\/p>\n<p><span style=\"color: #ffffff;\">.<\/span><\/p>\n<p><strong>Finalidades<\/strong><\/p>\n<ul>\n<li>Desenvolver, nas diversas modalidades de ensino,\u00a0estrat\u00e9gias que promovam a inclus\u00e3o, o acolhimento, a perman\u00eancia e a sa\u00edda exitosa para o mundo do trabalho de pessoas com necessidades educacionais espec\u00edficas (PNEEs);<\/li>\n<li>Articular os diversos setores da institui\u00e7\u00e3o nas atividades relativas \u00e0 inclus\u00e3o.<\/li>\n<li>Buscar parcerias com entidades de atendimento de PNEEs;<\/li>\n<li>Incentivar e\/ou realizar pesquisa e inova\u00e7\u00e3o no que tange \u00e0 inclus\u00e3o de PNEEs;<\/li>\n<li>Promover a quebra de barreiras arquitet\u00f4nicas, de comunica\u00e7\u00e3o e atitudinais no campus;<\/li>\n<li>Potencializar a\u00e7\u00f5es de inclus\u00e3o nos projetos de ensino, pesquisa e extens\u00e3o, buscando a indissociabilidade entre eles.<\/li>\n<\/ul>\n<p><span style=\"color: #ffffff;\">.<\/span><\/p>\n<p><b>Contato: <em><a href=\"mailto:napne@canoas.ifrs.edu.br\">napne@canoas.ifrs.edu.br<\/a><\/em><\/b><\/p>\n<p><span style=\"color: #ffffff;\">.<\/span><\/p>\n<p><span style=\"color: #ffffff;\">.<\/span><\/p>\n<h4 class=\"conteudo\"><img loading=\"lazy\" decoding=\"async\" class=\" wp-image-446 alignright\" src=\"http:\/\/guia.canoas.ifrs.edu.br\/wp-content\/uploads\/2024\/02\/Neabi_logo-239x300.jpg\" alt=\"\" width=\"216\" height=\"284\" \/>N\u00facleo de Estudos Afro-brasileiros e Ind\u00edgenas (Neabi)<\/h4>\n<p><span style=\"color: #ffffff;\">.<\/span><\/p>\n<p>Os NEABIs (N\u00facleos de Estudos Afro-brasileiros e Ind\u00edgenas), assim como os demais n\u00facleos de A\u00e7\u00f5es Afirmativas, foram institucionalizados pela Pol\u00edtica de A\u00e7\u00f5es Afirmativas do IFRS, Resolu\u00e7\u00e3o n\u00ba 22 do Conselho Superior do IFRS, em 25 de fevereiro de 2014. Conforme estabelecido em seu Art. 1\u00ba, esta busca orientar \u201ca\u00e7\u00f5es de inclus\u00e3o nas atividades de Ensino, Pesquisa e Extens\u00e3o, para a promo\u00e7\u00e3o do respeito \u00e0 diversidade socioecon\u00f4mica, cultural, \u00e9tnico-racial, de g\u00eanero e de necessidades espec\u00edficas, e para a defesa dos direitos humanos\u201d (BRASIL, 2014, p. 1).<\/p>\n<p>Para orientar e promover a\u00e7\u00f5es que contemplem uma educa\u00e7\u00e3o para as rela\u00e7\u00f5es \u00e9tnico-raciais,\u00a0os NEABIs \u2013 regulamentados pela Resolu\u00e7\u00e3o n\u00ba 21 de 25 de fevereiro de 2014 \u2013 s\u00e3o setores propositivos e consultivos que buscam estimular e promover a\u00e7\u00f5es de Ensino, Pesquisa e Extens\u00e3o orientadas \u00e0 tem\u00e1tica das identidades e rela\u00e7\u00f5es \u00e9tnico-raciais, com o foco para as popula\u00e7\u00f5es afrodescendentes e ind\u00edgenas, no \u00e2mbito da institui\u00e7\u00e3o e em suas rela\u00e7\u00f5es com a comunidade externa.<\/p>\n<p>Neste sentido, o NEABI do\u00a0<i>campus\u00a0<\/i>Canoas vem propondo e promovendo atividades que tem como compromisso dar vez e voz aos sujeitos afrodescentes e ind\u00edgenas, assim como questionar a branquitude enquanto um privil\u00e9gio social.<\/p>\n<p><span style=\"color: #ffffff;\">.<\/span><\/p>\n<p><strong>Finalidade\/Objetivos Institucionais:<\/strong><\/p>\n<p>Promover encontros de reflex\u00e3o e capacita\u00e7\u00e3o de servidores para o conhecimento e valoriza\u00e7\u00e3o da hist\u00f3ria dos povos africanos, da cultura afro-brasileira e das culturas ind\u00edgenas, na constitui\u00e7\u00e3o hist\u00f3rica e cultural do pa\u00eds;<\/p>\n<ul>\n<li>Promover a realiza\u00e7\u00e3o de atividades de Ensino, Pesquisa e Extens\u00e3o, relacionadas \u00e0s tem\u00e1ticas;<\/li>\n<li>Propor a\u00e7\u00f5es que levem a conhecer o perfil da comunidade interna e externa do campus nos aspectos \u00e9tnico-raciais;<\/li>\n<li>Auxiliar na implementa\u00e7\u00e3o das leis que estabelecem as culturas afro-brasileira e ind\u00edgena como pontos de estudo e de atividades no curr\u00edculo escolar;<\/li>\n<li>Buscar a implementa\u00e7\u00e3o de projetos de valoriza\u00e7\u00e3o e reconhecimento dos sujeitos negros e ind\u00edgenas no contexto do campus;<\/li>\n<li>Possibilitar o desenvolvimento de conte\u00fados curriculares, extracurriculares e pesquisas com abordagem multi e interdisciplinares sobre as tem\u00e1ticas de forma cont\u00ednua;<\/li>\n<li>Colaborar em a\u00e7\u00f5es que levem ao aumento do acervo bibliogr\u00e1fico relacionado a educa\u00e7\u00e3o plurim\u00e9trica no campus;<\/li>\n<li>Organizar espa\u00e7os de conhecimento, reconhecimento e intera\u00e7\u00e3o intercultural;<\/li>\n<li>Revisar documentos do campus, sempre buscando a inser\u00e7\u00e3o e atualiza\u00e7\u00e3o dos mesmos no que compete \u00e0s quest\u00f5es \u00e9tnico-raciais;<\/li>\n<li>Propor e participar de eventos de outras institui\u00e7\u00f5es, como tamb\u00e9m de movimentos sociais que envolvam quest\u00f5es relacionadas \u00e0s culturas-afro brasileira e ind\u00edgena.<\/li>\n<li>Realizar o acolhimento e acompanhamento dos sujeitos Negros e Ind\u00edgenas ingressantes no campus, de forma a auxiliar na perman\u00eancia e \u00eaxitos destes estudantes<\/li>\n<\/ul>\n<p><span style=\"color: #ffffff;\">.<\/span><\/p>\n<ul>\n<li><strong>Site:<\/strong>\u00a0<a href=\"http:\/\/neabi.canoas.ifrs.edu.br\/\" target=\"_blank\" rel=\"noopener noreferrer\">neabi.canoas.ifrs.edu.br<\/a><\/li>\n<li><strong><span style=\"font-size: inherit;\">Instagram e Facebook: <\/span><\/strong><a style=\"font-size: inherit;\" href=\"http:\/\/instagram.com\/neabiifcanoas\" target=\"_blank\" rel=\"noopener noreferrer\">@neabiifcanoas<\/a><\/li>\n<\/ul>\n<p><span style=\"color: #ffffff;\">.<\/span><\/p>\n<h4><img loading=\"lazy\" decoding=\"async\" class=\" wp-image-450 alignright\" src=\"http:\/\/guia.canoas.ifrs.edu.br\/wp-content\/uploads\/2024\/02\/Nepgs_logo-300x300.jpg\" alt=\"\" width=\"223\" height=\"223\" srcset=\"https:\/\/guia.canoas.ifrs.edu.br\/wp-content\/uploads\/2024\/02\/Nepgs_logo-300x300.jpg 300w, https:\/\/guia.canoas.ifrs.edu.br\/wp-content\/uploads\/2024\/02\/Nepgs_logo-150x150.jpg 150w, https:\/\/guia.canoas.ifrs.edu.br\/wp-content\/uploads\/2024\/02\/Nepgs_logo-270x270.jpg 270w, https:\/\/guia.canoas.ifrs.edu.br\/wp-content\/uploads\/2024\/02\/Nepgs_logo-230x230.jpg 230w, https:\/\/guia.canoas.ifrs.edu.br\/wp-content\/uploads\/2024\/02\/Nepgs_logo.jpg 330w\" sizes=\"auto, (max-width: 223px) 100vw, 223px\" \/><\/h4>\n<h2 class=\"conteudo\">N\u00facleo de Estudo e Pesquisa em G\u00eanero e Sexualidade (Nepgs)<\/h2>\n<p><span style=\"color: #ffffff;\">.<\/span><\/p>\n<p>Os NEPGSs (N\u00facleos de Estudos e Pesquisas em G\u00eanero e Sexualidade) foram institucionalizados pela Pol\u00edtica de A\u00e7\u00f5es Afirmativas do IFRS, Resolu\u00e7\u00e3o n\u00ba 22 do Conselho Superior do IFRS, de 25 de fevereiro de 2014. Conforme estabelecido em seu Art. 1\u00ba, esta busca orientar \u201ca\u00e7\u00f5es de inclus\u00e3o nas atividades de Ensino, Pesquisa e Extens\u00e3o, para a promo\u00e7\u00e3o do respeito \u00e0 diversidade socioecon\u00f4mica, cultural, \u00e9tnico-racial, de g\u00eanero e de necessidades espec\u00edficas, e para a defesa dos direitos humanos\u201d (IFRS, 2014, p. 2).<\/p>\n<p>Em busca de orientar e promover a\u00e7\u00f5es que contemplem as tem\u00e1ticas de g\u00eanero e sexualidade, os NEPGSs, regulamentados pela Resolu\u00e7\u00e3o n\u00ba 37, de 20 de junho de 2017, estabelecem em seu Art. 1\u00ba, que cada\u00a0<em>campus<\/em>\u00a0vai instituir um n\u00facleo por meio de uma portaria, com os seus respectivos membros e funcionar\u00e1 como \u201cum setor propositivo e consultivo, que estimula e promove a\u00e7\u00f5es de Ensino, Pesquisa e Extens\u00e3o orientadas \u00e0 tem\u00e1tica da educa\u00e7\u00e3o para a diversidade de g\u00eanero e sexualidade\u201d (IFRS, 2017, p. 3).<\/p>\n<p>Todavia, vale ressaltar que a constitui\u00e7\u00e3o destes n\u00facleos precede sua regulamenta\u00e7\u00e3o, sendo que no\u00a0<em>Campus<\/em>\u00a0Canoas, o NEPGS se constituiu em 2015 e, desde 2016, tem se articulado \u00e0s a\u00e7\u00f5es de projetos e programas de extens\u00e3o, na busca de contemplar as tem\u00e1ticas que est\u00e3o em seu escopo, buscando atingir a comunidade do\u00a0<em>campus<\/em>\u00a0e de seu entorno.<\/p>\n<p><span style=\"color: #ffffff;\">.<\/span><\/p>\n<p><strong>Finalidade\/Objetivos Institucionais:<\/strong><\/p>\n<ul>\n<li>propor pol\u00edticas, programas, projetos, a\u00e7\u00f5es e\/ou atividades que envolvam as tem\u00e1ticas relacionadas a corpo, g\u00eanero, sexualidade e diversidade no\u00a0<em>campus<\/em>;<\/li>\n<li>assessorar e prestar consultoria aos setores do\u00a0<em>campus<\/em>\u00a0em situa\u00e7\u00f5es ou casos que envolvam essas tem\u00e1ticas;<\/li>\n<li>estudar e promover produ\u00e7\u00e3o cient\u00edfica sobre as tem\u00e1ticas do n\u00facleo, a fim de contribuir para este campo de conhecimento e para os curr\u00edculos dos cursos ofertados;<\/li>\n<li>auxiliar na orienta\u00e7\u00e3o da comunidade acerca da Resolu\u00e7\u00e3o n\u00ba 54\/2016, a qual normatiza o uso do nome social por estudantes e servidores em todos os atos e procedimentos desenvolvidos no IFRS;<\/li>\n<li>articular os diversos setores da institui\u00e7\u00e3o nas atividades relativas \u00e0s tem\u00e1ticas de atua\u00e7\u00e3o do NEPGS, definindo prioridades de a\u00e7\u00f5es, aquisi\u00e7\u00e3o de equipamentos, materiais did\u00e1tico-pedag\u00f3gicos a serem utilizados nas pr\u00e1ticas educativas e a\u00e7\u00f5es de ensino, pesquisa e extens\u00e3o;<\/li>\n<li>participar das pol\u00edticas de ensino, pesquisa, extens\u00e3o e gest\u00e3o para compor o planejamento da institui\u00e7\u00e3o no que se refere ao atendimento, aconselhamento e acompanhamento de pessoas que em fun\u00e7\u00e3o de g\u00eanero e\/ou sexualidade que se encontram em vulnerabilidade social, cultural e\/ou educacional;<\/li>\n<li>discutir a import\u00e2ncia dos movimentos sociais na luta contra as desigualdades sociais, com \u00eanfase nas desigualdades de g\u00eanero;<\/li>\n<li>conhecer e debater junto \u00e0 comunidade interna a legisla\u00e7\u00e3o pertinente \u00e0s tem\u00e1ticas abordadas pelo n\u00facleo;<\/li>\n<li>fomentar discuss\u00f5es sobre infec\u00e7\u00f5es sexualmente transmiss\u00edveis (ISTs), sintomas e tratamentos, bem estar ps\u00edquico e f\u00edsico, entre outros aspectos importantes relacionados \u00e0 sa\u00fade do sujeito, em parceria com secretarias municipais de sa\u00fade e \u00f3rg\u00e3os afins;<\/li>\n<li>opinar sobre quest\u00f5es pertinentes que lhe forem encaminhadas e que envolvam a tem\u00e1tica de estudo e pesquisa do n\u00facleo;<\/li>\n<li>participar e contribuir com o uso da linguagem em documentos, textos, cartazes, comunica\u00e7\u00e3o em geral do\u00a0<em>campus<\/em>, contemplando aspectos de g\u00eanero e sexualidade, a fim de provocar uma mudan\u00e7a que seja de acolhimento de todas e todos;<\/li>\n<li>promover a integra\u00e7\u00e3o com os demais n\u00facleos de a\u00e7\u00f5es afirmativas do\u00a0<em>campus<\/em>.<\/li>\n<\/ul>\n<p><span style=\"color: #ffffff;\">.<\/span><\/p>\n<p><b>Contato<\/b><\/p>\n<ul>\n<li><a href=\"mailto:nepgs@ifrs.edu.br\" target=\"_blank\" rel=\"noopener noreferrer\">nepgs@ifrs.edu.br<\/a><\/li>\n<\/ul>\n<p><span style=\"color: #ffffff;\">.<\/span><\/p>\n<h4><img loading=\"lazy\" decoding=\"async\" class=\" wp-image-453 alignright\" src=\"http:\/\/guia.canoas.ifrs.edu.br\/wp-content\/uploads\/2024\/02\/Nead.png\" alt=\"\" width=\"367\" height=\"256\" \/><\/h4>\n<h4 class=\"page__title\"><strong>N\u00facleo de Educa\u00e7\u00e3o a Dist\u00e2ncia (NEaD)<\/strong><\/h4>\n<p><span style=\"color: #ffffff;\">.<\/span><\/p>\n<p>O N\u00facleo de Educa\u00e7\u00e3o a Dist\u00e2ncia (NEaD) \u00e9 um \u00f3rg\u00e3o de apoio \u00e0s atividades e a\u00e7\u00f5es de ensino, pesquisa e extens\u00e3o na modalidade de educa\u00e7\u00e3o a dist\u00e2ncia no Campus Canoas do IFRS.<\/p>\n<p><span style=\"color: #ffffff;\">.<\/span><\/p>\n<h4><em><b>Finalidade\/Objetivos Institucionais:<\/b><\/em><\/h4>\n<ul>\n<li>Orientar docentes e discentes nas atividades do Moodle, Ambiente Virtual de Ensino e Aprendizagem de uso oficial da IFRS;<\/li>\n<li>Acompanhar, orientar e auxiliar a cria\u00e7\u00e3o de cursos com carga hor\u00e1ria a dist\u00e2ncia;<\/li>\n<li>\u00a0Criar, acompanhar e prestar contas das atividades a dist\u00e2ncia junto \u00e0 Coordenadoria de Educa\u00e7\u00e3o a Dist\u00e2ncia (CEaD);<\/li>\n<li>Promover a EaD no Campus Canoas;<\/li>\n<li>Aprovar o Plano Anual de Capacita\u00e7\u00f5es para Educa\u00e7\u00e3o a Dist\u00e2ncia do IFRS;<\/li>\n<li>Receber, analisar e aprovar os documentos dos servidores do campus que comprovem a forma\u00e7\u00e3o ou experi\u00eancia espec\u00edfica para atuar na Educa\u00e7\u00e3o a Dist\u00e2ncia, conforme legisla\u00e7\u00e3o e normativas do IFRS;<\/li>\n<li>Promover o estudo permanente das disposi\u00e7\u00f5es legais acerca da EaD, tendo em vista a ado\u00e7\u00e3o de medidas para as adequa\u00e7\u00f5es que se fizerem necess\u00e1rias;<\/li>\n<li>Promover a qualifica\u00e7\u00e3o de servidores para a educa\u00e7\u00e3o a dist\u00e2ncia;<\/li>\n<li>Auxiliar na cria\u00e7\u00e3o e confec\u00e7\u00e3o de material instrucional adequado ao EaD;<\/li>\n<li>Manter contato com a comunidade interna e externa do campus, no sentido de divulgar as a\u00e7\u00f5es do NEaD e estabelecer parcerias e\/ou outras formas de coopera\u00e7\u00e3o a fim de viabilizar projetos de EaD;<\/li>\n<li>Realizar a gest\u00e3o do uso e da qualidade do material did\u00e1tico do NEaD;<\/li>\n<li>Articular junto \u00e0 Coordenadoria de Educa\u00e7\u00e3o a Dist\u00e2ncia (CEaD) a fim de organizar e promover a\u00e7\u00f5es de capacita\u00e7\u00e3o.<\/li>\n<\/ul>\n<p><span style=\"color: #ffffff;\">.<\/span><\/p>\n<p><strong>E-mail do n\u00facleo:\u00a0<\/strong><em><a href=\"https:\/\/ifrs.edu.br\/canoas\/nucleos-de-apoio\/nucleo-de-educacao-a-distancia-nead\/nead@canoas.ifrs.edu.br\">nead@canoas.ifrs.edu.br<\/a><\/em><\/p>\n<p><span style=\"color: #ffffff;\">.<\/span><\/p>\n<p><img loading=\"lazy\" decoding=\"async\" class=\"size-full wp-image-456 alignright\" src=\"http:\/\/guia.canoas.ifrs.edu.br\/wp-content\/uploads\/2024\/02\/Numem_logo.png\" alt=\"\" width=\"236\" height=\"246\" \/><\/p>\n<h4 class=\"page__title\"><strong>N\u00facleo de Mem\u00f3ria do Campus Canoas (Numem)<\/strong><\/h4>\n<p>Mem\u00f3ria, lembran\u00e7as, hist\u00f3rias. Todo espa\u00e7o est\u00e1 pleno delas. Uma institui\u00e7\u00e3o de ensino al\u00e9m de conter sua pr\u00f3pria hist\u00f3ria e mem\u00f3ria, tamb\u00e9m cont\u00eam as diversas hist\u00f3rias, mem\u00f3rias e lembran\u00e7as de quem passou e passa por ela. O objetivo deste n\u00facleo \u00e9 ser um espa\u00e7o de partilha, mas tamb\u00e9m de pesquisa. Em que al\u00e9m das trocas afetivas e afetuosas, espa\u00e7o da mem\u00f3ria, haja pesquisa e produ\u00e7\u00e3o do conhecimento, espa\u00e7o da Hist\u00f3ria. Para isso, buscamos desenvolver projetos de ensino, pesquisa e de extens\u00e3o, exposi\u00e7\u00f5es e artigos cient\u00edficos, al\u00e9m de mapear depoimentos e documentos.<\/p>\n<p>Atrav\u00e9s de a\u00e7\u00f5es diversas, pretendemos sermos um reposit\u00f3rio de documentos, depoimentos e espa\u00e7o de investiga\u00e7\u00e3o e escuta para a hist\u00f3ria e mem\u00f3ria do IFRS, em especial do Campus Canoas, demarcando sua import\u00e2ncia dentro da rede Federal de Ensino, do munic\u00edpio de Canoas e na vida de todos os servidores e educandos que passaram e se encontram nesta institui\u00e7\u00e3o, assim como marcar sua import\u00e2ncia no cen\u00e1rio social.<\/p>\n<p><span style=\"color: #ffffff;\">.<\/span><\/p>\n<p><strong>Finalidade\/Objetivos Institucionais:<\/strong><\/p>\n<p>O N\u00facleo de Mem\u00f3ria do IFRS- Campus Canoas \u00e9 o espa\u00e7o de salvaguarda de documentos e depoimentos sobre a Hist\u00f3ria e Mem\u00f3ria do IFRS, em especial do Campus Canoas, com objetivo de produ\u00e7\u00e3o cient\u00edfica e espa\u00e7o de reflex\u00e3o. E tamb\u00e9m de produ\u00e7\u00e3o cient\u00edfica e apoio \u00e0s a\u00e7\u00f5es dos demais n\u00facleos e projetos de ensino, pesquisa e extens\u00e3o.<\/p>\n<p><span style=\"color: #ffffff;\">.<\/span><\/p>\n<p><strong>E-mail do n\u00facleo:<\/strong>\u00a0<em><a href=\"mailto:napne@canoas.ifrs.edu.br\">numem@canoas.ifrs.edu.br<\/a><\/em><\/p>\n","protected":false},"excerpt":{"rendered":"<p>N\u00facleo de Atendimento \u00e0s pessoas com Necessidades Educacionais Espec\u00edficas (Napne) . O N\u00facleo de Atendimento \u00e0s Pessoas com Necessidades Educacionais Espec\u00edficas (Napne) do Instituto Federal de Educa\u00e7\u00e3o, Ci\u00eancia e Tecnologia do Rio Grande do Sul \u00e9 um setor propositivo e<\/p>\n","protected":false},"author":2,"featured_media":0,"parent":0,"menu_order":0,"comment_status":"closed","ping_status":"closed","template":"","meta":{"footnotes":""},"class_list":["post-277","page","type-page","status-publish","hentry"],"_links":{"self":[{"href":"https:\/\/guia.canoas.ifrs.edu.br\/index.php\/wp-json\/wp\/v2\/pages\/277","targetHints":{"allow":["GET"]}}],"collection":[{"href":"https:\/\/guia.canoas.ifrs.edu.br\/index.php\/wp-json\/wp\/v2\/pages"}],"about":[{"href":"https:\/\/guia.canoas.ifrs.edu.br\/index.php\/wp-json\/wp\/v2\/types\/page"}],"author":[{"embeddable":true,"href":"https:\/\/guia.canoas.ifrs.edu.br\/index.php\/wp-json\/wp\/v2\/users\/2"}],"replies":[{"embeddable":true,"href":"https:\/\/guia.canoas.ifrs.edu.br\/index.php\/wp-json\/wp\/v2\/comments?post=277"}],"version-history":[{"count":13,"href":"https:\/\/guia.canoas.ifrs.edu.br\/index.php\/wp-json\/wp\/v2\/pages\/277\/revisions"}],"predecessor-version":[{"id":458,"href":"https:\/\/guia.canoas.ifrs.edu.br\/index.php\/wp-json\/wp\/v2\/pages\/277\/revisions\/458"}],"wp:attachment":[{"href":"https:\/\/guia.canoas.ifrs.edu.br\/index.php\/wp-json\/wp\/v2\/media?parent=277"}],"curies":[{"name":"wp","href":"https:\/\/api.w.org\/{rel}","templated":true}]}}