{"id":278,"date":"2017-02-17T15:41:14","date_gmt":"2017-02-17T17:41:14","guid":{"rendered":"http:\/\/guia.canoas.ifrs.edu.br\/?page_id=278"},"modified":"2024-02-18T22:11:10","modified_gmt":"2024-02-19T01:11:10","slug":"dce","status":"publish","type":"page","link":"https:\/\/guia.canoas.ifrs.edu.br\/index.php\/dce\/","title":{"rendered":"DCE"},"content":{"rendered":"<p>Os estudantes dos cursos de n\u00edvel Superior e os da modalidade Proeja est\u00e3o organizando entidade representativa no Campus Canoas do IFRS.<\/p>\n<p>Os estudantes de desses cursos est\u00e3o em processo de constru\u00e7\u00e3o de uma entidade que os represente. Em dezembro de 2023 houve a primeira elei\u00e7\u00e3o para o DCE do Campus Canoas (<a href=\"https:\/\/ifrs.edu.br\/canoas\/diretorio-central-dos-estudantes-dce-tem-sua-primeira-eleicao\/\" target=\"_blank\" rel=\"noopener noreferrer\">leia a not\u00edcia aqui<\/a>).<\/p>\n<p>O e-mail para contato \u00e9 <a href=\"mailto:dce@canoas.ifrs.edu.br\" target=\"_blank\" rel=\"noopener noreferrer\">dce@canoas.ifrs.edu.br<\/a>.<\/p>\n","protected":false},"excerpt":{"rendered":"<p>Os estudantes dos cursos de n\u00edvel Superior e os da modalidade Proeja est\u00e3o organizando entidade representativa no Campus Canoas do IFRS. Os estudantes de desses cursos est\u00e3o em processo de constru\u00e7\u00e3o de uma entidade que os represente. Em dezembro de<\/p>\n","protected":false},"author":2,"featured_media":0,"parent":0,"menu_order":0,"comment_status":"closed","ping_status":"closed","template":"","meta":{"footnotes":""},"class_list":["post-278","page","type-page","status-publish","hentry"],"_links":{"self":[{"href":"https:\/\/guia.canoas.ifrs.edu.br\/index.php\/wp-json\/wp\/v2\/pages\/278","targetHints":{"allow":["GET"]}}],"collection":[{"href":"https:\/\/guia.canoas.ifrs.edu.br\/index.php\/wp-json\/wp\/v2\/pages"}],"about":[{"href":"https:\/\/guia.canoas.ifrs.edu.br\/index.php\/wp-json\/wp\/v2\/types\/page"}],"author":[{"embeddable":true,"href":"https:\/\/guia.canoas.ifrs.edu.br\/index.php\/wp-json\/wp\/v2\/users\/2"}],"replies":[{"embeddable":true,"href":"https:\/\/guia.canoas.ifrs.edu.br\/index.php\/wp-json\/wp\/v2\/comments?post=278"}],"version-history":[{"count":6,"href":"https:\/\/guia.canoas.ifrs.edu.br\/index.php\/wp-json\/wp\/v2\/pages\/278\/revisions"}],"predecessor-version":[{"id":502,"href":"https:\/\/guia.canoas.ifrs.edu.br\/index.php\/wp-json\/wp\/v2\/pages\/278\/revisions\/502"}],"wp:attachment":[{"href":"https:\/\/guia.canoas.ifrs.edu.br\/index.php\/wp-json\/wp\/v2\/media?parent=278"}],"curies":[{"name":"wp","href":"https:\/\/api.w.org\/{rel}","templated":true}]}}