{"id":280,"date":"2017-02-17T15:41:14","date_gmt":"2017-02-17T17:41:14","guid":{"rendered":"http:\/\/guia.canoas.ifrs.edu.br\/?page_id=280"},"modified":"2024-02-18T22:09:47","modified_gmt":"2024-02-19T01:09:47","slug":"gremio-estudantil","status":"publish","type":"page","link":"https:\/\/guia.canoas.ifrs.edu.br\/index.php\/gremio-estudantil\/","title":{"rendered":"Gr\u00eamio Estudantil"},"content":{"rendered":"<p><img loading=\"lazy\" decoding=\"async\" class=\" wp-image-291 alignright\" src=\"http:\/\/guia.canoas.ifrs.edu.br\/wp-content\/uploads\/2017\/02\/ArteSite1.jpg\" alt=\"\" width=\"376\" height=\"201\" \/>Representa os estudantes dos cursos integrados ao Ensino M\u00e9dio.<\/p>\n<p>A atual diretoria do Gr\u00eamio Estudantil do Campus Canoas n\u00e3o possui site onde conste integrantes, estatuto e outras informa\u00e7\u00f5es.<\/p>\n<p>A forma de comunica\u00e7\u00e3o que est\u00e3o usando atualmente \u00e9 o Instagram (<a class=\"x1i10hfl xjbqb8w x1ejq31n xd10rxx x1sy0etr x17r0tee x972fbf xcfux6l x1qhh985 xm0m39n x9f619 x1ypdohk xt0psk2 xe8uvvx xdj266r x11i5rnm xat24cr x1mh8g0r xexx8yu x4uap5 x18d9i69 xkhd6sd x16tdsg8 x1hl2dhg xggy1nq x1a2a7pz  _acan _acao _acat _acaw _aj1- _ap30 _a6hd\" tabindex=\"0\" role=\"link\" href=\"https:\/\/www.instagram.com\/gremioifrscanoas\/\" target=\"_blank\" rel=\"noopener noreferrer\">gremioifrscanoas<\/a>) e o e-mail <a href=\"mailto:gremio@canoas.ifrs.edu.br\" target=\"_blank\" rel=\"noopener noreferrer\">gremio@canoas.ifrs.edu.br<\/a>.<\/p>\n","protected":false},"excerpt":{"rendered":"<p>Representa os estudantes dos cursos integrados ao Ensino M\u00e9dio. A atual diretoria do Gr\u00eamio Estudantil do Campus Canoas n\u00e3o possui site onde conste integrantes, estatuto e outras informa\u00e7\u00f5es. A forma de comunica\u00e7\u00e3o que est\u00e3o usando atualmente \u00e9 o Instagram (gremioifrscanoas)<\/p>\n","protected":false},"author":2,"featured_media":0,"parent":0,"menu_order":0,"comment_status":"closed","ping_status":"closed","template":"","meta":{"footnotes":""},"class_list":["post-280","page","type-page","status-publish","hentry"],"_links":{"self":[{"href":"https:\/\/guia.canoas.ifrs.edu.br\/index.php\/wp-json\/wp\/v2\/pages\/280","targetHints":{"allow":["GET"]}}],"collection":[{"href":"https:\/\/guia.canoas.ifrs.edu.br\/index.php\/wp-json\/wp\/v2\/pages"}],"about":[{"href":"https:\/\/guia.canoas.ifrs.edu.br\/index.php\/wp-json\/wp\/v2\/types\/page"}],"author":[{"embeddable":true,"href":"https:\/\/guia.canoas.ifrs.edu.br\/index.php\/wp-json\/wp\/v2\/users\/2"}],"replies":[{"embeddable":true,"href":"https:\/\/guia.canoas.ifrs.edu.br\/index.php\/wp-json\/wp\/v2\/comments?post=280"}],"version-history":[{"count":7,"href":"https:\/\/guia.canoas.ifrs.edu.br\/index.php\/wp-json\/wp\/v2\/pages\/280\/revisions"}],"predecessor-version":[{"id":500,"href":"https:\/\/guia.canoas.ifrs.edu.br\/index.php\/wp-json\/wp\/v2\/pages\/280\/revisions\/500"}],"wp:attachment":[{"href":"https:\/\/guia.canoas.ifrs.edu.br\/index.php\/wp-json\/wp\/v2\/media?parent=280"}],"curies":[{"name":"wp","href":"https:\/\/api.w.org\/{rel}","templated":true}]}}