{"id":386,"date":"2024-02-12T14:03:14","date_gmt":"2024-02-12T16:03:14","guid":{"rendered":"http:\/\/guia.canoas.ifrs.edu.br\/?page_id=386"},"modified":"2024-02-18T22:16:21","modified_gmt":"2024-02-19T01:16:21","slug":"contatos","status":"publish","type":"page","link":"https:\/\/guia.canoas.ifrs.edu.br\/index.php\/contatos\/","title":{"rendered":"Contatos"},"content":{"rendered":"\n<h4 class=\"wp-block-heading\"><strong>Principais telefones:<\/strong><\/h4>\n\n\n\n<p> <strong>\u2234<\/strong> <strong>Recep\u00e7\u00e3o&nbsp;(Telefone\/WhatsApp):&nbsp;(51) 3415.8200<\/strong><\/p>\n\n\n\n<p>   <\/p>\n\n\n<h4><strong>Principais e-mails:<\/strong><\/h4>\n<p><!-- \/wp:heading --> <!-- wp:paragraph --><\/p>\n<p><em><strong>\u2234 Dire\u00e7\u00e3o-geral<\/strong><\/em><br \/>Patr\u00edcia Nogueira H\u00fcbler \u2013\u00a0<a href=\"mailto:%20diretor@canoas.ifrs.edu.br\" target=\"_blank\" rel=\"noreferrer noopener\">diretora@canoas.ifrs.edu.br<\/a><\/p>\n<p><!-- \/wp:paragraph --> <!-- wp:paragraph --><\/p>\n<p><em><strong>\u2234 Dire\u00e7\u00e3o de Ensino<\/strong><\/em><br \/>Alexandre Tadachi Morey \u2013\u00a0<a href=\"mailto:%20de@canoas.ifrs.edu.br\" target=\"_blank\" rel=\"noreferrer noopener\">de@canoas.ifrs.edu.br<\/a><\/p>\n<p><!-- \/wp:paragraph --> <!-- wp:paragraph --><\/p>\n<p><em><strong>\u2234 Dire\u00e7\u00e3o de Administra\u00e7\u00e3o e Planejamento<\/strong><\/em><br \/>Jair Bruschi Junior \u2013\u00a0<a href=\"mailto:%20dap@canoas.ifrs.edu.br\" target=\"_blank\" rel=\"noreferrer noopener\">dap@canoas.ifrs.edu.br<\/a><\/p>\n<p><!-- \/wp:paragraph --> <!-- wp:paragraph --><\/p>\n<p><em><strong>\u2234 Gabinete<\/strong> <strong>da Dire\u00e7\u00e3o-geral<\/strong><\/em> <br \/>Nara Milbrath de Oliveira \u2013\u00a0<a href=\"mailto:%20dap@canoas.ifrs.edu.br\" target=\"_blank\" rel=\"noreferrer noopener\">gabinete@canoas.ifrs.edu.br<\/a><\/p>\n<p><!-- \/wp:paragraph --> <!-- wp:paragraph --><\/p>\n<p><em><strong>\u2234 Coordena\u00e7\u00e3o de Ensino<\/strong><\/em><br \/>Omar J\u00fanior Garcia Silveira \u2013\u00a0<a href=\"mailto:ce@canoas.ifrs.edu.br\" target=\"_blank\" rel=\"noreferrer noopener\">ce@canoas.ifrs.edu.br<\/a><\/p>\n<p><!-- \/wp:paragraph --> <!-- wp:paragraph --><\/p>\n<p><em><strong>\u2234 Coordenadoria de Assist\u00eancia Estudantil (CAE)<\/strong><\/em><br \/>Aline Viero Kowalski \u2013\u00a0<a href=\"mailto:%20cdi@canoas.ifrs.edu.br\" target=\"_blank\" rel=\"noreferrer noopener\">assistencia.estudantil@canoas.ifrs.edu.br<\/a><\/p>\n<p><!-- \/wp:paragraph --> <!-- wp:paragraph --><\/p>\n<p><em><strong>\u2234 Coordenadoria de Desenvolvimento Institucional<\/strong><\/em><br \/>Bruno Machado \u2013\u00a0<a href=\"mailto:%20cdi@canoas.ifrs.edu.br\" target=\"_blank\" rel=\"noreferrer noopener\">cdi@canoas.ifrs.edu.br<\/a><\/p>\n<p><!-- \/wp:paragraph --> <!-- wp:paragraph --><\/p>\n<p><em><strong>\u2234 Coordenadoria de Extens\u00e3o<\/strong><\/em><br \/>Marcos Daniel Schmidt de Aguiar \u2013\u00a0<a href=\"mailto:%20extensao@canoas.ifrs.edu.br\" target=\"_blank\" rel=\"noreferrer noopener\">extensao@canoas.ifrs.edu.br<\/a><\/p>\n<p><!-- \/wp:paragraph --> <!-- wp:paragraph --><\/p>\n<p><em><strong>\u2234 Coordenadoria de Pesquisa e Inova\u00e7\u00e3o<\/strong><\/em><br \/>Cimara Valim de Melo \u2013\u00a0<a href=\"mailto:%20pesquisa@canoas.ifrs.edu.br\" target=\"_blank\" rel=\"noreferrer noopener\">pesquisa@canoas.ifrs.edu.br<\/a><\/p>\n<p><!-- \/wp:paragraph --> <!-- wp:paragraph --><\/p>\n<p><em><strong>\u2234 Coordenadoria de Gest\u00e3o de Pessoas<\/strong><\/em><br \/>Aline Martins Mesquita \u2013\u00a0<a href=\"mailto:%20cgp@canoas.ifrs.edu.br\" target=\"_blank\" rel=\"noreferrer noopener\">cgp@canoas.ifrs.edu.br<\/a><\/p>\n<p><!-- \/wp:paragraph --> <!-- wp:paragraph --><\/p>\n<p><em><strong>\u2234 Coordenadoria de Infraestrutura<\/strong><\/em><br \/>Julio Moises da Silva \u2013\u00a0<a href=\"mailto:%20infraestrutura@canoas.ifrs.edu.br\" target=\"_blank\" rel=\"noreferrer noopener\">infraestrutura@canoas.ifrs.edu.br<\/a><\/p>\n<p><!-- \/wp:paragraph --> <!-- wp:paragraph --><\/p>\n<p><em><strong>\u2234 Coordenadoria de Tecnologia da Informa\u00e7\u00e3o<\/strong><\/em><br \/>Vin\u00edcius Raupp Alves \u2013\u00a0<a href=\"mailto:%20cti@canoas.ifrs.edu.br\" target=\"_blank\" rel=\"noreferrer noopener\">cti@canoas.ifrs.edu.br<\/a><\/p>\n<p><!-- \/wp:paragraph --> <!-- wp:paragraph --><\/p>\n<p><em><strong>\u2234 Coordenadoria de Registros Escolares<\/strong><\/em><br \/>Marcelo Gon\u00e7alves da Silva \u2013\u00a0<a href=\"mailto:%20cti@canoas.ifrs.edu.br\" target=\"_blank\" rel=\"noreferrer noopener\">registros.escolares@canoas.ifrs.edu.br<\/a><\/p>\n<p><!-- \/wp:paragraph --> <!-- wp:paragraph --><\/p>\n<p><em><strong>\u2234 Coordenadoria de Administra\u00e7\u00e3o e Execu\u00e7\u00e3o Or\u00e7ament\u00e1ria<\/strong><\/em><br \/>Liziane Erling Torres Rosner \u2013\u00a0<a href=\"mailto:%20financeiro@canoas.ifrs.edu.br\" target=\"_blank\" rel=\"noreferrer noopener\">financeiro@canoas.ifrs.edu.br<\/a><\/p>\n<p><!-- \/wp:paragraph --> <!-- wp:paragraph --><\/p>\n<p><em><strong>\u2234 Comiss\u00e3o Permanente de Ingresso Discente (Coppid)<\/strong><\/em><br \/>Bruno Diniz Machado \u2013\u00a0<a href=\"mailto:coppid@canoas.ifrs.edu.br\" target=\"_blank\" rel=\"noreferrer noopener\">coppid@canoas.ifrs.edu.br<\/a><\/p>\n<p><!-- \/wp:paragraph --> <!-- wp:paragraph --><\/p>\n<p><em><strong>\u2234 Comunica\u00e7\u00e3o<\/strong><\/em><br \/>Andr\u00e9ia Pruinelli e Jo\u00e3o Henrique Machado \u2013\u00a0<a href=\"mailto:%20comunicacao@canoas.ifrs.edu.br\" target=\"_blank\" rel=\"noreferrer noopener\">comunicacao@canoas.ifrs.edu.br<\/a><\/p>\n<p><!-- \/wp:paragraph --> <!-- wp:paragraph --><\/p>\n<p><em><strong>\u2234 Comiss\u00e3o Pr\u00f3pria de Avalia\u00e7\u00e3o (CPA)<\/strong><\/em><br \/><a href=\"mailto:%20comunicacao@canoas.ifrs.edu.br\" target=\"_blank\" rel=\"noreferrer noopener\">cpa@canoas.ifrs.edu.br<\/a><\/p>\n<p><!-- \/wp:paragraph --> <!-- wp:paragraph --><\/p>\n<p><em><strong>\u2234 Biblioteca<\/strong><\/em><br \/><a href=\"mailto:%20biblioteca@canoas.ifrs.edu.br\" target=\"_blank\" rel=\"noreferrer noopener\">biblioteca@canoas.ifrs.edu.br<\/a><\/p>\n<p><!--EndFragment--><span style=\"color: #ffffff;\">.<\/span><br \/><br \/><\/p>\n<p><span style=\"color: #ffffff;\">.<\/span><\/p>\n\n<!-- wp:heading {\"level\":4} -->\n<h4><strong>Principais telefones:<\/strong><\/h4>\n<!-- \/wp:heading -->\n\n<!-- wp:paragraph -->\n<p><strong>\u2234 Portaria\/vigilantes<\/strong>: (51) 3415.8203<br><strong><br>\u2234 Comunica\u00e7\u00e3o:<\/strong>&nbsp;(51) 3415.8218<br><br><strong>\u2234 Gabinete \/ Dire\u00e7\u00e3o e Coordena\u00e7\u00e3o de Ensino \/ Dire\u00e7\u00e3o-geral:<\/strong>&nbsp;(51) 3415.8230<br><br><strong>\u2234 Registro Escolar:<\/strong>&nbsp;(51) 3415.8215<br><br><strong>\u2234 Assist\u00eancia Estudantil (CAE):<\/strong>&nbsp;(51) 3415-8238<br><br><strong>\u2234 Pedag\u00f3gico:<\/strong>&nbsp;(51) 3415-8211<br><br><strong>\u2234 Financeiro<\/strong>: (51) 3415.8222<br><br><strong>\u2234 Est\u00e1gio<\/strong>: (51) 3415.8212<br><br><strong>\u2234 Biblioteca<\/strong>: (51) 3415.8240<br><br><strong>\u2234 Compras \/ Diretoria de Administra\u00e7\u00e3o e Planejamento<\/strong>: (51) 3415.8233<br><br><strong>\u2234 Contratos<\/strong>: (51) 3415.8236<br><br><strong>\u2234 Coordenadoria de Gest\u00e3o de Pessoas<\/strong>: (51) 3415.8234<br><br><strong>\u2234 Coordenadoria de Tecnologia da Informa\u00e7\u00e3o<\/strong>: (51) 3415.8207<br><br><strong>\u2234 Infraestrutura<\/strong>: (51) 3415.8204<br>.<\/p>\n<!-- \/wp:paragraph -->","protected":false},"excerpt":{"rendered":"<p>Principais telefones: \u2234 Recep\u00e7\u00e3o&nbsp;(Telefone\/WhatsApp):&nbsp;(51) 3415.8200 Principais e-mails: \u2234 Dire\u00e7\u00e3o-geralPatr\u00edcia Nogueira H\u00fcbler \u2013\u00a0diretora@canoas.ifrs.edu.br \u2234 Dire\u00e7\u00e3o de EnsinoAlexandre Tadachi Morey \u2013\u00a0de@canoas.ifrs.edu.br \u2234 Dire\u00e7\u00e3o de Administra\u00e7\u00e3o e PlanejamentoJair Bruschi Junior \u2013\u00a0dap@canoas.ifrs.edu.br \u2234 Gabinete da Dire\u00e7\u00e3o-geral Nara Milbrath de Oliveira \u2013\u00a0gabinete@canoas.ifrs.edu.br \u2234 Coordena\u00e7\u00e3o de<\/p>\n","protected":false},"author":2,"featured_media":0,"parent":0,"menu_order":0,"comment_status":"closed","ping_status":"closed","template":"","meta":{"footnotes":""},"class_list":["post-386","page","type-page","status-publish","hentry"],"_links":{"self":[{"href":"https:\/\/guia.canoas.ifrs.edu.br\/index.php\/wp-json\/wp\/v2\/pages\/386","targetHints":{"allow":["GET"]}}],"collection":[{"href":"https:\/\/guia.canoas.ifrs.edu.br\/index.php\/wp-json\/wp\/v2\/pages"}],"about":[{"href":"https:\/\/guia.canoas.ifrs.edu.br\/index.php\/wp-json\/wp\/v2\/types\/page"}],"author":[{"embeddable":true,"href":"https:\/\/guia.canoas.ifrs.edu.br\/index.php\/wp-json\/wp\/v2\/users\/2"}],"replies":[{"embeddable":true,"href":"https:\/\/guia.canoas.ifrs.edu.br\/index.php\/wp-json\/wp\/v2\/comments?post=386"}],"version-history":[{"count":10,"href":"https:\/\/guia.canoas.ifrs.edu.br\/index.php\/wp-json\/wp\/v2\/pages\/386\/revisions"}],"predecessor-version":[{"id":505,"href":"https:\/\/guia.canoas.ifrs.edu.br\/index.php\/wp-json\/wp\/v2\/pages\/386\/revisions\/505"}],"wp:attachment":[{"href":"https:\/\/guia.canoas.ifrs.edu.br\/index.php\/wp-json\/wp\/v2\/media?parent=386"}],"curies":[{"name":"wp","href":"https:\/\/api.w.org\/{rel}","templated":true}]}}