{"id":40,"date":"2017-02-14T15:47:49","date_gmt":"2017-02-14T17:47:49","guid":{"rendered":"http:\/\/guia.canoas.ifrs.edu.br\/?page_id=40"},"modified":"2024-02-12T13:36:53","modified_gmt":"2024-02-12T15:36:53","slug":"registros-escolares","status":"publish","type":"page","link":"https:\/\/guia.canoas.ifrs.edu.br\/index.php\/registros-escolares\/","title":{"rendered":"Registros Escolares"},"content":{"rendered":"<p><img loading=\"lazy\" decoding=\"async\" class=\"alignright wp-image-209\" src=\"http:\/\/guia.canoas.ifrs.edu.br\/wp-content\/uploads\/2017\/02\/Guia-Registros-Escolares.jpg\" width=\"376\" height=\"270\"><\/p>\n<p>O Setor de Registros Escolares \u00e9 respons\u00e1vel pelo recebimento, expedi\u00e7\u00e3o e guarda de documentos acad\u00eamicos.<\/p>\n<p>Quaisquer d\u00favidas sobre situa\u00e7\u00e3o de matr\u00edculas, justificativa de faltas ou emiss\u00e3o de documentos, contate&nbsp;<em><a href=\"mailto:registros.escolares@canoas.ifrs.edu.br\" target=\"_blank\" rel=\"noopener noreferrer\">registros.escolares@canoas.<wbr>ifrs.edu.br<\/a><\/em>.<\/p>\n<p>As normas do IFRS constam na <strong>Organiza\u00e7\u00e3o Did\u00e1tica<\/strong>, dispon\u00edvel em:&nbsp;<a href=\"https:\/\/ifrs.edu.br\/ensino\/documentos\/organizacao-didatica\/\" target=\"_blank\" rel=\"noopener noreferrer\" data-saferedirecturl=\"https:\/\/www.google.com\/url?q=https:\/\/ifrs.edu.br\/ensino\/documentos\/organizacao-didatica\/&amp;source=gmail&amp;ust=1707837419680000&amp;usg=AOvVaw3Xvmb80h3RmCJ1nXs0c-54\">https:\/\/ifrs.edu.br\/ensino\/<wbr>documentos\/organizacao-<wbr>didatica\/<\/a>.<\/p>\n<p><span style=\"color: #ffffff;\">.<\/span><\/p>\n<p>Demais informa\u00e7\u00f5es como acesso a sistemas acad\u00eamicos, abonos e justificativas de faltas, exerc\u00edcios domiciliares, atividades complementares, aproveitamento de estudos, certifica\u00e7\u00e3o de conhecimentos entre outras solicita\u00e7\u00f5es, acesse a <a href=\"https:\/\/ifrs.edu.br\/canoas\/ensino\/registros-academicos\/\" target=\"_blank\" rel=\"noopener noreferrer\"><strong>p\u00e1gina do setor no site do campus<\/strong> (aqui)<\/a>.<\/p>\n","protected":false},"excerpt":{"rendered":"<p>O Setor de Registros Escolares \u00e9 respons\u00e1vel pelo recebimento, expedi\u00e7\u00e3o e guarda de documentos acad\u00eamicos. Quaisquer d\u00favidas sobre situa\u00e7\u00e3o de matr\u00edculas, justificativa de faltas ou emiss\u00e3o de documentos, contate&nbsp;registros.escolares@canoas.ifrs.edu.br. As normas do IFRS constam na Organiza\u00e7\u00e3o Did\u00e1tica, dispon\u00edvel em:&nbsp;https:\/\/ifrs.edu.br\/ensino\/documentos\/organizacao-didatica\/. .<\/p>\n","protected":false},"author":2,"featured_media":0,"parent":0,"menu_order":0,"comment_status":"closed","ping_status":"closed","template":"","meta":{"footnotes":""},"class_list":["post-40","page","type-page","status-publish","hentry"],"_links":{"self":[{"href":"https:\/\/guia.canoas.ifrs.edu.br\/index.php\/wp-json\/wp\/v2\/pages\/40","targetHints":{"allow":["GET"]}}],"collection":[{"href":"https:\/\/guia.canoas.ifrs.edu.br\/index.php\/wp-json\/wp\/v2\/pages"}],"about":[{"href":"https:\/\/guia.canoas.ifrs.edu.br\/index.php\/wp-json\/wp\/v2\/types\/page"}],"author":[{"embeddable":true,"href":"https:\/\/guia.canoas.ifrs.edu.br\/index.php\/wp-json\/wp\/v2\/users\/2"}],"replies":[{"embeddable":true,"href":"https:\/\/guia.canoas.ifrs.edu.br\/index.php\/wp-json\/wp\/v2\/comments?post=40"}],"version-history":[{"count":18,"href":"https:\/\/guia.canoas.ifrs.edu.br\/index.php\/wp-json\/wp\/v2\/pages\/40\/revisions"}],"predecessor-version":[{"id":385,"href":"https:\/\/guia.canoas.ifrs.edu.br\/index.php\/wp-json\/wp\/v2\/pages\/40\/revisions\/385"}],"wp:attachment":[{"href":"https:\/\/guia.canoas.ifrs.edu.br\/index.php\/wp-json\/wp\/v2\/media?parent=40"}],"curies":[{"name":"wp","href":"https:\/\/api.w.org\/{rel}","templated":true}]}}