{"id":42,"date":"2017-02-14T15:47:49","date_gmt":"2017-02-14T17:47:49","guid":{"rendered":"http:\/\/guia.canoas.ifrs.edu.br\/?page_id=42"},"modified":"2024-02-17T16:40:33","modified_gmt":"2024-02-17T18:40:33","slug":"biblioteca","status":"publish","type":"page","link":"https:\/\/guia.canoas.ifrs.edu.br\/index.php\/biblioteca\/","title":{"rendered":"Biblioteca"},"content":{"rendered":"<p><strong><img loading=\"lazy\" decoding=\"async\" class=\" wp-image-224 alignright\" src=\"http:\/\/guia.canoas.ifrs.edu.br\/wp-content\/uploads\/2017\/02\/DSC04003.jpg\" alt=\"\" width=\"377\" height=\"275\" \/><\/strong><\/p>\n<p><strong>Localiza\u00e7\u00e3o e hor\u00e1rios<\/strong><\/p>\n<p>A Biblioteca do Campus Canoas do IFRS fica no segundo andar do Bloco B.<\/p>\n<p>O hor\u00e1rio de atendimento \u00e9 de segunda-feira a sexta-feira, das 8h30min \u00e0s 21h, sem fechar ao meio-dia.<\/p>\n<p><span style=\"color: #ffffff;\">.<\/span><\/p>\n<p><b>Empr\u00e9stimo de livros<\/b><\/p>\n<p>A biblioteca \u00e9 aberta a todos, inclusive \u00e0 comunidade externa. O empr\u00e9stimo domiciliar \u00e9 restrito a professores, estudantes e t\u00e9cnico-administrativos do IFRS.<\/p>\n<p>Cada estudante poder\u00e1 retirar at\u00e9 10 itens pelo prazo de 7 dias. Docentes e t\u00e9cnicos administrativos poder\u00e3o retirar at\u00e9 15 itens pelo prazo de 14 dias. A renova\u00e7\u00e3o dos livros poder\u00e1 ocorrer por igual per\u00edodo, desde que estes n\u00e3o estejam reservados ou em atraso, por meio do\u00a0<a href=\"https:\/\/biblioteca.ifrs.edu.br\/\"><strong>sistema online<\/strong><\/a>, no menu\u00a0<em>Meu Pergamum<\/em>\u00a0no cabe\u00e7alho.<\/p>\n<p>O limite de renova\u00e7\u00f5es online \u00e9 de 10 vezes. Ap\u00f3s este prazo, o usu\u00e1rio dever\u00e1 devolver o livro no balc\u00e3o de atendimento e, se desejar, retirar novamente.<\/p>\n<p><span style=\"color: #ffffff;\">.<\/span><\/p>\n<p><b>Reserva de livros<\/b><\/p>\n<p>Os usu\u00e1rios poder\u00e3o solicitar reserva via\u00a0<a href=\"https:\/\/biblioteca.ifrs.edu.br\/\"><strong>sistema da biblioteca<\/strong><\/a>\u00a0do material que esteja emprestado. As reservas ser\u00e3o atendidas conforme ordem de solicita\u00e7\u00e3o e, nesse caso, o material ficar\u00e1 no balc\u00e3o pelo prazo de dois dias. Assim que o material solicitado for devolvido \u00e0 biblioteca, o usu\u00e1rio ser\u00e1 comunicado da disponibilidade do exemplar via e-mail.<\/p>\n<p>O usu\u00e1rio perder\u00e1 o direito da reserva quando n\u00e3o comparecer para efetuar a retirada em 36 horas ap\u00f3s o retorno do material ao acervo.<\/p>\n<p><span style=\"color: #ffffff;\">.<\/span><\/p>\n<p><strong>Consulta ao acervo e materiais on-line<\/strong><\/p>\n<p>A\u00a0<span class=\"il\">biblioteca<\/span>\u00a0do Campus Canoas possui em seu acervo livros t\u00e9cnicos nas \u00e1reas de inform\u00e1tica, eletr\u00f4nica, automa\u00e7\u00e3o, administra\u00e7\u00e3o, log\u00edstica, educa\u00e7\u00e3o inclusiva, matem\u00e1tica, entre outros.<\/p>\n<p>Em fun\u00e7\u00e3o da pandemia de Covid-19, atualmente o acervo se encontra fechado.<\/p>\n<p>O acervo completo pode ser consultado em:\u00a0<a href=\"https:\/\/biblioteca.ifrs.edu.br\/\"><strong>https:\/\/biblioteca.ifrs.edu.br\/<\/strong><\/a><\/p>\n<p><span style=\"color: #ffffff;\">.<\/span><\/p>\n<p><b>Peri\u00f3dicos online<\/b><\/p>\n<p><strong><a href=\"http:\/\/www.periodicos.capes.gov.br\/\" target=\"_blank\" rel=\"noopener noreferrer\">Portal de peri\u00f3dicos CAPES\/MEC<\/a><\/strong><\/p>\n<p>Obs.: alguns peri\u00f3dicos o acesso \u00e9 somente por meio dos computadores do campus.<\/p>\n<div class=\"page__content\"><\/div>\n","protected":false},"excerpt":{"rendered":"<p>Localiza\u00e7\u00e3o e hor\u00e1rios A Biblioteca do Campus Canoas do IFRS fica no segundo andar do Bloco B. O hor\u00e1rio de atendimento \u00e9 de segunda-feira a sexta-feira, das 8h30min \u00e0s 21h, sem fechar ao meio-dia. . Empr\u00e9stimo de livros A biblioteca<\/p>\n","protected":false},"author":2,"featured_media":0,"parent":0,"menu_order":0,"comment_status":"closed","ping_status":"closed","template":"","meta":{"footnotes":""},"class_list":["post-42","page","type-page","status-publish","hentry"],"_links":{"self":[{"href":"https:\/\/guia.canoas.ifrs.edu.br\/index.php\/wp-json\/wp\/v2\/pages\/42","targetHints":{"allow":["GET"]}}],"collection":[{"href":"https:\/\/guia.canoas.ifrs.edu.br\/index.php\/wp-json\/wp\/v2\/pages"}],"about":[{"href":"https:\/\/guia.canoas.ifrs.edu.br\/index.php\/wp-json\/wp\/v2\/types\/page"}],"author":[{"embeddable":true,"href":"https:\/\/guia.canoas.ifrs.edu.br\/index.php\/wp-json\/wp\/v2\/users\/2"}],"replies":[{"embeddable":true,"href":"https:\/\/guia.canoas.ifrs.edu.br\/index.php\/wp-json\/wp\/v2\/comments?post=42"}],"version-history":[{"count":8,"href":"https:\/\/guia.canoas.ifrs.edu.br\/index.php\/wp-json\/wp\/v2\/pages\/42\/revisions"}],"predecessor-version":[{"id":436,"href":"https:\/\/guia.canoas.ifrs.edu.br\/index.php\/wp-json\/wp\/v2\/pages\/42\/revisions\/436"}],"wp:attachment":[{"href":"https:\/\/guia.canoas.ifrs.edu.br\/index.php\/wp-json\/wp\/v2\/media?parent=42"}],"curies":[{"name":"wp","href":"https:\/\/api.w.org\/{rel}","templated":true}]}}