{"id":43,"date":"2017-02-14T15:47:49","date_gmt":"2017-02-14T17:47:49","guid":{"rendered":"http:\/\/guia.canoas.ifrs.edu.br\/?page_id=43"},"modified":"2024-02-17T16:48:02","modified_gmt":"2024-02-17T18:48:02","slug":"pedagogico","status":"publish","type":"page","link":"https:\/\/guia.canoas.ifrs.edu.br\/index.php\/pedagogico\/","title":{"rendered":"Pedag\u00f3gico"},"content":{"rendered":"<p><img loading=\"lazy\" decoding=\"async\" class=\"alignright wp-image-213\" src=\"http:\/\/guia.canoas.ifrs.edu.br\/wp-content\/uploads\/2017\/02\/Guia-Pedag\u00f3gico.jpg\" width=\"379\" height=\"271\" \/>O setor Pedag\u00f3gico \u00e9 vinculado \u00e0s coordena\u00e7\u00f5es de Ensino, de Pesquisa e de Extens\u00e3o, realizando atendimentos aos\u00a0estudantes, efetuados por servidores de diferentes cargos: pedagogo, t\u00e9cnico em Assuntos Educacionais, assistentes de aluno e assistentes em Administra\u00e7\u00e3o.<\/p>\n<p><span style=\"color: #ffffff;\">.<\/span><\/p>\n<h4>Atividades no\u00a0\u00e2mbito do Ensino<\/h4>\n<p>&#8211; Acompanhamento das atividades pedag\u00f3gicas (documentos e pr\u00e1ticas) realizadas pelos professores;<\/p>\n<p>&#8211; Reuni\u00f5es peri\u00f3dicas\u00a0com os\u00a0estudantes\u00a0dos cursos integrados, para tratar de quest\u00f5es da turma referentes \u00e0 rela\u00e7\u00e3o aluno-aluno, \u00e0s rela\u00e7\u00e3o professor-aluno e \u00e0 rela\u00e7\u00e3o curso-aluno;<\/p>\n<p><strong>Atendimento ao\u00a0estudantes:<\/strong><\/p>\n<ul>\n<li>Media\u00e7\u00e3o da rela\u00e7\u00e3o aluno-professor;<\/li>\n<li>Acompanhamento dos discentes quanto ao cumprimento da Organiza\u00e7\u00e3o Did\u00e1tica;<\/li>\n<li>Auxilio em quest\u00f5es de sa\u00fade, caso em que \u00e9 feito contato com os pais ou com o servi\u00e7o de sa\u00fade;<\/li>\n<li>Acompanhamento da entrada e sa\u00edda dos alunos de sala de aula;<\/li>\n<li>Fornecimento de autoriza\u00e7\u00f5es de sa\u00edda;<\/li>\n<li>Organiza\u00e7\u00e3o da entrega de boletins e entrega direta aos pais, ap\u00f3s a data da entrega oficial;<\/li>\n<li>Agendamento de reuni\u00f5es com pais e professores<\/li>\n<\/ul>\n<h4>Atividades no \u00e2mbito da Pesquisa<\/h4>\n<p>&#8211; Organiza\u00e7\u00e3o das atividades relativas aos editais da pesquisa e atendimento aos bolsistas de pesquisa<\/p>\n<h4>Atividades no \u00e2mbito da Extens\u00e3o<\/h4>\n<p>&#8211; Organiza\u00e7\u00e3o das atividades relativas aos editais da extens\u00e3o e atendimento aos bolsistas de extens\u00e3o.<\/p>\n<p>&#8211; Atendimento aos alunos no encaminhamento de est\u00e1gio curricular.<\/p>\n<h4><strong>Contato<\/strong><\/h4>\n<p>E-mail: <a href=\"mailto:pedagogico@canoas.ifrs.edu.br\">pedagogico@canoas.ifrs.edu.br<\/a><\/p>\n<p><span style=\"color: #ffffff;\">.<\/span><\/p>\n<h4>Setor de Est\u00e1gio<\/h4>\n<p>E-mail:\u00a0<a href=\"mailto:estagios@canoas.ifrs.edu.br\" target=\"_blank\" rel=\"noopener noreferrer\">estagios@canoas.ifrs.edu.br<\/a><\/p>\n<h4><\/h4>\n","protected":false},"excerpt":{"rendered":"<p>O setor Pedag\u00f3gico \u00e9 vinculado \u00e0s coordena\u00e7\u00f5es de Ensino, de Pesquisa e de Extens\u00e3o, realizando atendimentos aos\u00a0estudantes, efetuados por servidores de diferentes cargos: pedagogo, t\u00e9cnico em Assuntos Educacionais, assistentes de aluno e assistentes em Administra\u00e7\u00e3o. . Atividades no\u00a0\u00e2mbito do Ensino<\/p>\n","protected":false},"author":2,"featured_media":0,"parent":0,"menu_order":0,"comment_status":"closed","ping_status":"closed","template":"","meta":{"footnotes":""},"class_list":["post-43","page","type-page","status-publish","hentry"],"_links":{"self":[{"href":"https:\/\/guia.canoas.ifrs.edu.br\/index.php\/wp-json\/wp\/v2\/pages\/43","targetHints":{"allow":["GET"]}}],"collection":[{"href":"https:\/\/guia.canoas.ifrs.edu.br\/index.php\/wp-json\/wp\/v2\/pages"}],"about":[{"href":"https:\/\/guia.canoas.ifrs.edu.br\/index.php\/wp-json\/wp\/v2\/types\/page"}],"author":[{"embeddable":true,"href":"https:\/\/guia.canoas.ifrs.edu.br\/index.php\/wp-json\/wp\/v2\/users\/2"}],"replies":[{"embeddable":true,"href":"https:\/\/guia.canoas.ifrs.edu.br\/index.php\/wp-json\/wp\/v2\/comments?post=43"}],"version-history":[{"count":9,"href":"https:\/\/guia.canoas.ifrs.edu.br\/index.php\/wp-json\/wp\/v2\/pages\/43\/revisions"}],"predecessor-version":[{"id":442,"href":"https:\/\/guia.canoas.ifrs.edu.br\/index.php\/wp-json\/wp\/v2\/pages\/43\/revisions\/442"}],"wp:attachment":[{"href":"https:\/\/guia.canoas.ifrs.edu.br\/index.php\/wp-json\/wp\/v2\/media?parent=43"}],"curies":[{"name":"wp","href":"https:\/\/api.w.org\/{rel}","templated":true}]}}