{"id":44,"date":"2017-02-14T15:47:49","date_gmt":"2017-02-14T17:47:49","guid":{"rendered":"http:\/\/guia.canoas.ifrs.edu.br\/?page_id=44"},"modified":"2024-02-12T14:35:10","modified_gmt":"2024-02-12T16:35:10","slug":"assistencia-estudantil","status":"publish","type":"page","link":"https:\/\/guia.canoas.ifrs.edu.br\/index.php\/assistencia-estudantil\/","title":{"rendered":"Assist\u00eancia Estudantil"},"content":{"rendered":"<p><img loading=\"lazy\" decoding=\"async\" class=\"alignright wp-image-191\" src=\"http:\/\/guia.canoas.ifrs.edu.br\/wp-content\/uploads\/2017\/02\/Guia-CAE.jpg\" width=\"377\" height=\"303\" \/><\/p>\n<p style=\"font-weight: 400;\">A Coordenadoria de Assist\u00eancia Estudantil (CAE) \u00e9 o setor de refer\u00eancia para tratar sobre as mais variadas situa\u00e7\u00f5es que envolvam o atendimento de estudantes sobre ensino e aprendizagem.<\/p>\n<p style=\"font-weight: 400;\">Os profissionais realizam atendimentos visando a ajudar nas dificuldades que estejam prejudicando o estudo e a aprendizagem. Para tanto, trabalham com assuntos como h\u00e1bitos de estudo, organiza\u00e7\u00e3o de hor\u00e1rios, aproveitamento, frequ\u00eancia, atendimento relacionado a quest\u00f5es emocionais, relacionamento com colegas e com a institui\u00e7\u00e3o, atendimento aos pais, atendimento e acompanhamento social. Quando necess\u00e1rio tamb\u00e9m realiza assessoramento aos professores.<\/p>\n<p>\u00a0<\/p>\n<p><strong>Benef\u00edcios<\/strong><\/p>\n<p style=\"font-weight: 400;\">A CAE\u00a0tamb\u00e9m \u00e9 respons\u00e1vel pelo programa de <strong>Benef\u00edcio da Assist\u00eancia Estudantil (BAE)<\/strong>, que concede aux\u00edlio financeiro para os estudantes em condi\u00e7\u00f5es de vulnerabilidade. O setor realiza ainda atividades alusivas \u00e0s campanhas de sa\u00fade, atividades de acolhimento aos estudantes e prop\u00f5e oficinas de forma\u00e7\u00e3o estudantil.<\/p>\n<p style=\"font-weight: 400;\">Em resumo, trata-se de um setor que busca viabilizar a igualdade de oportunidades e contribuir para a melhoria do desempenho acad\u00eamico, implementando a\u00e7\u00f5es\u00a0pedag\u00f3gicas, psicol\u00f3gicas e\u00a0sociais que contribuam para a perman\u00eancia discente e para a melhoria de sua qualidade de vida.<\/p>\n<p style=\"font-weight: 400;\">\u00a0<\/p>\n<h4 style=\"font-weight: 400;\"><strong>O que \u00e9 o Benef\u00edcio da Assist\u00eancia Estudantil (BAE)?<\/strong><\/h4>\n<p style=\"font-weight: 400;\">\u00c9 um programa institucional baseado em uma pol\u00edtica p\u00fablica federal de assist\u00eancia estudantil, que tem por finalidade subsidiar economicamente por meio de um <strong>benef\u00edcio financeiro mensal a estudantes<\/strong> que estejam regularmente matriculados e com frequ\u00eancia m\u00ednima de 75%.<\/p>\n<p style=\"font-weight: 400;\">Para solicitar o BAE \u00e9 importante a realiza\u00e7\u00e3o da leitura do Edital vigente, que \u00e9 <strong>publicado no <a href=\"https:\/\/ifrs.edu.br\/canoas\" target=\"_blank\" rel=\"noopener noreferrer\">site do campus<\/a><\/strong> (fique atento\/a ao site e \u00e0s redes sociais oficiais do Campus Canoas), e posteriormente realizar o preenchimento do formul\u00e1rio socioecon\u00f4mico dispon\u00edvel em <a href=\"http:\/\/assistenciaestudantil.canoas.ifrs.edu.br\/\" target=\"_blank\" rel=\"noopener noreferrer\" data-saferedirecturl=\"https:\/\/www.google.com\/url?q=http:\/\/assistenciaestudantil.canoas.ifrs.edu.br\/&amp;source=gmail&amp;ust=1707831334423000&amp;usg=AOvVaw02JUKZvxpiiHDKCN_kSyPP\">http:\/\/assistenciaestudantil.canoas.ifrs.edu.br<\/a><\/p>\n<p style=\"font-weight: 400;\">No Edital voc\u00ea encontrar\u00e1 todas as informa\u00e7\u00f5es, documentos e cronograma do processo.<\/p>\n<p style=\"font-weight: 400;\">\u00a0<\/p>\n<h4 style=\"font-weight: 400;\"><strong>Quais profissionais encontro na CAE?<\/strong><\/h4>\n<p style=\"font-weight: 400;\">\u00a0<\/p>\n<ul>\n<li style=\"font-weight: 400;\">Assistente em Administra\u00e7\u00e3o<\/li>\n<li style=\"font-weight: 400;\">Assistente Social<\/li>\n<li style=\"font-weight: 400;\">Pedagoga<\/li>\n<li style=\"font-weight: 400;\">Psic\u00f3logo<\/li>\n<li style=\"font-weight: 400;\">T\u00e9cnica em enfermagem<\/li>\n<\/ul>\n<p style=\"font-weight: 400;\">\u00a0<\/p>\n<p style=\"font-weight: 400;\"><strong>Contatos<\/strong><\/p>\n<p style=\"font-weight: 400;\">Telefone: (51) 3415-8238<\/p>\n<p style=\"font-weight: 400;\">E-mail:\u00a0<em><a href=\"mailto:assistencia.estudantil@canoas.ifrs.edu.br\" target=\"_blank\" rel=\"noopener noreferrer\">assistencia.estudantil@canoas.ifrs.edu.br<\/a><\/em><\/p>\n<p style=\"font-weight: 400;\">Instagram:\u00a0<a href=\"https:\/\/www.instagram.com\/cae_ifrs_canoas\/\" target=\"_blank\" rel=\"noopener noreferrer\" data-saferedirecturl=\"https:\/\/www.google.com\/url?q=https:\/\/www.instagram.com\/cae_ifrs_canoas\/&amp;source=gmail&amp;ust=1707831334423000&amp;usg=AOvVaw2L2qqXmgCiSM7EWIHzxbRK\">@cae_ifrs_canoas<\/a><\/p>\n\n\n<p><\/p>\n","protected":false},"excerpt":{"rendered":"<p>A Coordenadoria de Assist\u00eancia Estudantil (CAE) \u00e9 o setor de refer\u00eancia para tratar sobre as mais variadas situa\u00e7\u00f5es que envolvam o atendimento de estudantes sobre ensino e aprendizagem. Os profissionais realizam atendimentos visando a ajudar nas dificuldades que estejam prejudicando<\/p>\n","protected":false},"author":2,"featured_media":0,"parent":0,"menu_order":0,"comment_status":"closed","ping_status":"closed","template":"","meta":{"footnotes":""},"class_list":["post-44","page","type-page","status-publish","hentry"],"_links":{"self":[{"href":"https:\/\/guia.canoas.ifrs.edu.br\/index.php\/wp-json\/wp\/v2\/pages\/44","targetHints":{"allow":["GET"]}}],"collection":[{"href":"https:\/\/guia.canoas.ifrs.edu.br\/index.php\/wp-json\/wp\/v2\/pages"}],"about":[{"href":"https:\/\/guia.canoas.ifrs.edu.br\/index.php\/wp-json\/wp\/v2\/types\/page"}],"author":[{"embeddable":true,"href":"https:\/\/guia.canoas.ifrs.edu.br\/index.php\/wp-json\/wp\/v2\/users\/2"}],"replies":[{"embeddable":true,"href":"https:\/\/guia.canoas.ifrs.edu.br\/index.php\/wp-json\/wp\/v2\/comments?post=44"}],"version-history":[{"count":15,"href":"https:\/\/guia.canoas.ifrs.edu.br\/index.php\/wp-json\/wp\/v2\/pages\/44\/revisions"}],"predecessor-version":[{"id":409,"href":"https:\/\/guia.canoas.ifrs.edu.br\/index.php\/wp-json\/wp\/v2\/pages\/44\/revisions\/409"}],"wp:attachment":[{"href":"https:\/\/guia.canoas.ifrs.edu.br\/index.php\/wp-json\/wp\/v2\/media?parent=44"}],"curies":[{"name":"wp","href":"https:\/\/api.w.org\/{rel}","templated":true}]}}