{"id":480,"date":"2024-02-18T15:16:51","date_gmt":"2024-02-18T18:16:51","guid":{"rendered":"http:\/\/guia.canoas.ifrs.edu.br\/?page_id=480"},"modified":"2024-02-18T21:47:44","modified_gmt":"2024-02-19T00:47:44","slug":"mapa-do-campus","status":"publish","type":"page","link":"https:\/\/guia.canoas.ifrs.edu.br\/index.php\/mapa-do-campus\/","title":{"rendered":"Mapa do campus"},"content":{"rendered":"\n<figure class=\"wp-block-image\"><img loading=\"lazy\" decoding=\"async\" width=\"705\" height=\"431\" src=\"http:\/\/guia.canoas.ifrs.edu.br\/wp-content\/uploads\/2024\/02\/a\u00e9ra_campus_canoas_ifrs3.jpg\" alt=\"\" class=\"wp-image-473\" srcset=\"https:\/\/guia.canoas.ifrs.edu.br\/wp-content\/uploads\/2024\/02\/a\u00e9ra_campus_canoas_ifrs3.jpg 705w, https:\/\/guia.canoas.ifrs.edu.br\/wp-content\/uploads\/2024\/02\/a\u00e9ra_campus_canoas_ifrs3-300x183.jpg 300w\" sizes=\"auto, (max-width: 705px) 100vw, 705px\" \/><\/figure>\n\n\n\n<p><strong>Bloco A<\/strong> &#8211; Administrativo, Dire\u00e7\u00e3o-geral, Coordena\u00e7\u00f5es de Ensino, Pesquisa e Extens\u00e3o, n\u00facleos, audit\u00f3rios, sagu\u00e3o principal, Recep\u00e7\u00e3o, Comunica\u00e7\u00e3o, Tecnologia da Informa\u00e7\u00e3o, entre outros setores administrativos \n\n<\/p>\n\n\n\n<p><strong>Bloco&nbsp;B<\/strong> &#8211; Biblioteca, Pedag\u00f3gico, alguns laborat\u00f3rios e salas de aula<\/p>\n\n\n\n<p><strong>Bloco C<\/strong> &#8211; Cantina, Assist\u00eancia Estudantil, Espa\u00e7o multicultural<\/p>\n\n\n\n<p><strong>Bloco D<\/strong> &#8211; Salas de aula e alguns laborat\u00f3rios<\/p>\n\n\n\n<p><strong>Bloco E<\/strong> &#8211; Laborat\u00f3rios<\/p>\n\n\n\n<p><strong>Bloco F<\/strong> &#8211; Salas de professores, coordena\u00e7\u00f5es de curso, Gr\u00eamio Estudantil e sala de aulas.<\/p>\n\n\n\n<p><strong>Espa\u00e7o 1<\/strong> &#8211; Guarita de entrada<\/p>\n\n\n\n<p><strong>Espa\u00e7o 2<\/strong> &#8211; Almoxarifado<\/p>\n\n\n\n<p><strong>Espa\u00e7o 3<\/strong> &#8211; Quadra de esportes (Espa\u00e7o L\u00fadico-Esportivo)<\/p>\n","protected":false},"excerpt":{"rendered":"<p>Bloco A &#8211; Administrativo, Dire\u00e7\u00e3o-geral, Coordena\u00e7\u00f5es de Ensino, Pesquisa e Extens\u00e3o, n\u00facleos, audit\u00f3rios, sagu\u00e3o principal, Recep\u00e7\u00e3o, Comunica\u00e7\u00e3o, Tecnologia da Informa\u00e7\u00e3o, entre outros setores administrativos Bloco&nbsp;B &#8211; Biblioteca, Pedag\u00f3gico, alguns laborat\u00f3rios e salas de aula Bloco C &#8211; Cantina, Assist\u00eancia Estudantil,<\/p>\n","protected":false},"author":2,"featured_media":0,"parent":0,"menu_order":0,"comment_status":"closed","ping_status":"closed","template":"","meta":{"footnotes":""},"class_list":["post-480","page","type-page","status-publish","hentry"],"_links":{"self":[{"href":"https:\/\/guia.canoas.ifrs.edu.br\/index.php\/wp-json\/wp\/v2\/pages\/480","targetHints":{"allow":["GET"]}}],"collection":[{"href":"https:\/\/guia.canoas.ifrs.edu.br\/index.php\/wp-json\/wp\/v2\/pages"}],"about":[{"href":"https:\/\/guia.canoas.ifrs.edu.br\/index.php\/wp-json\/wp\/v2\/types\/page"}],"author":[{"embeddable":true,"href":"https:\/\/guia.canoas.ifrs.edu.br\/index.php\/wp-json\/wp\/v2\/users\/2"}],"replies":[{"embeddable":true,"href":"https:\/\/guia.canoas.ifrs.edu.br\/index.php\/wp-json\/wp\/v2\/comments?post=480"}],"version-history":[{"count":6,"href":"https:\/\/guia.canoas.ifrs.edu.br\/index.php\/wp-json\/wp\/v2\/pages\/480\/revisions"}],"predecessor-version":[{"id":498,"href":"https:\/\/guia.canoas.ifrs.edu.br\/index.php\/wp-json\/wp\/v2\/pages\/480\/revisions\/498"}],"wp:attachment":[{"href":"https:\/\/guia.canoas.ifrs.edu.br\/index.php\/wp-json\/wp\/v2\/media?parent=480"}],"curies":[{"name":"wp","href":"https:\/\/api.w.org\/{rel}","templated":true}]}}