{"id":506,"date":"2024-02-19T11:22:21","date_gmt":"2024-02-19T14:22:21","guid":{"rendered":"http:\/\/guia.canoas.ifrs.edu.br\/?page_id=506"},"modified":"2024-02-19T11:33:08","modified_gmt":"2024-02-19T14:33:08","slug":"comunicacao","status":"publish","type":"page","link":"https:\/\/guia.canoas.ifrs.edu.br\/index.php\/comunicacao\/","title":{"rendered":"Comunica\u00e7\u00e3o"},"content":{"rendered":"\n<h4 class=\"wp-block-heading\"><strong>Sugest\u00f5es de pauta<\/strong><\/h4>\n\n\n\n<p>Para enviar informa\u00e7\u00f5es sobre um evento que ir\u00e1 ocorrer ou mesmo que j\u00e1 tenha ocorrido, favor acessar o<strong>\u00a0sistema de chamados<\/strong>\u00a0em\u00a0<a rel=\"noreferrer noopener\" href=\"https:\/\/comunicacao.canoas.ifrs.edu.br\/\" target=\"_blank\">https:\/\/comunicacao.canoas.ifrs.edu.br\/<\/a>\u00a0ou entrar em contato via e-mail\u00a0<a rel=\"noreferrer noopener\" href=\"mailto:comunicacao@canoas.ifrs.edu.br\" target=\"_blank\">comunicacao@canoas.ifrs.edu.br<\/a><\/p>\n\n\n\n<p><strong>Lembre-se<\/strong>&nbsp;<strong>de que<\/strong>&nbsp;\u00e9 importante que envie suas pautas antecipadamente (pelo menos uma semana) para que o setor de Comunica\u00e7\u00e3o do campus possa avaliar e se organizar para melhor cobrir o evento ou acontecimento.<\/p>\n\n\n\n<p><strong>Caso&nbsp;a pauta j\u00e1 tenha ocorrido<\/strong>, ainda assim vale encaminhar as informa\u00e7\u00f5es e fotos para o setor de Comunica\u00e7\u00e3o. Nesse caso, deixamos claro que a mat\u00e9ria pode ser publicada apenas no site do campus ou, eventualmente, dependendo da relev\u00e2ncia, no da Reitoria do IFRS.<\/p>\n\n\n\n<p>A\u00a0<strong>divulga\u00e7\u00e3o em outros meios como em jornal ou r\u00e1dios<\/strong>\u00a0precisam ser encaminhadas e negociadas com anteced\u00eancia pelos jornalistas do campus. Por esse motivo, a n\u00e3o ser que o evento seja de bastante relev\u00e2ncia, o material ficar\u00e1 \u201cvelho\u201d para a m\u00eddia tradicional se tiver ocorrido h\u00e1 mais de dois ou tr\u00eas dias.<\/p>\n\n\n\n<p><\/p>\n\n\n\n<h4 class=\"wp-block-heading\"><strong>Orienta\u00e7\u00f5es<\/strong><\/h4>\n\n\n\n<p><em><strong>Fotos<\/strong><\/em><\/p>\n\n\n\n<p>Procure encaminhar poucas e boas fotos, principalmente na horizontal, para melhor aproveitamento. N\u00e3o \u00e9 produtivo mandar v\u00e1rias fotos que n\u00e3o podem ser utilizadas devido \u00e0 qualidade ou \u00e0 n\u00e3o relev\u00e2ncia no sentido de ilustrar a not\u00edcia.<\/p>\n\n\n\n<p><strong>IMPORTANTE:<\/strong>&nbsp;Nosso site (campus) tem&nbsp;<em>template<\/em>&nbsp;que exige&nbsp;<strong>fotos quadradas<\/strong>. O mesmo ocorre com o Instagram. Por esse motivo, pedimos que atentem para isso no momento de fazer os registros. Geralmente uma foto feita com mais dist\u00e2ncia \u00e9 suficiente para que possamos recortar de forma quadrada sem perda de qualidade de informa\u00e7\u00e3o.<br><br><a href=\"https:\/\/ifrs.edu.br\/canoas\/comunicacao\/como-eu-faco-para-conseguir-uma-boa-foto\/\">https:\/\/ifrs.edu.br\/canoas\/comunicacao\/como-eu-faco-para-conseguir-uma-boa-foto\/<\/a><\/p>\n\n\n\n<h4 class=\"wp-block-heading\"><\/h4>\n\n\n\n<h4 class=\"wp-block-heading\">Textos<\/h4>\n\n\n\n<p>Lembre de que n\u00e3o \u00e9 poss\u00edvel escrever um texto sem informa\u00e7\u00f5es. Em jornalismo, chamamos essa etapa de \u201capura\u00e7\u00e3o\u201d. Ou seja, o jornalista<strong>&nbsp;deve ter conhecimento<\/strong>&nbsp;de muitos fatos que envolvem o&nbsp;<strong>contexto<\/strong>&nbsp;de uma mat\u00e9ria, por\u00e9m, quando vai escrever uma not\u00edcia, antes de mais nada (e essa \u00e9 talvez a parte mais importante do trabalho)&nbsp;<strong>deve ter informa\u00e7\u00f5es<\/strong>&nbsp;sobre o fato para poder escrever.<\/p>\n\n\n\n<p>N\u00e3o \u00e9 necess\u00e1rio que voc\u00ea encaminhe um texto jornal\u00edstico, mas precisamos de algumas informa\u00e7\u00f5es para, pelo menos desenvolvermos um primeiro par\u00e1grafo (que chamamos de&nbsp;<em>lide<\/em>) e que precisa resumir a mat\u00e9ria que seguir\u00e1 nos outros par\u00e1grafos (para isso, entraremos em contato com voc\u00ea para solicitarmos mais dados).<\/p>\n\n\n\n<p>Essas informa\u00e7\u00f5es b\u00e1sicas para um resumo da not\u00edcia podem ser descobertas por&nbsp;<strong>se voc\u00ea responder a pelo menos seis perguntinhas<\/strong>:<\/p>\n\n\n\n<ul class=\"wp-block-list\"><li>O qu\u00ea?<\/li><li>Quem?<\/li><li>Quando?<\/li><li>Onde?<\/li><li>Como?<\/li><li>Por qu\u00ea?<\/li><\/ul>\n\n\n\n<p><strong>Exemplificando\u2026<\/strong><\/p>\n\n\n\n<ul class=\"wp-block-list\"><li><strong>O qu\u00ea:<\/strong>&nbsp;Visita t\u00e9cnica<\/li><li><strong>Quem:<\/strong>&nbsp;Estudantes do curso X, acompanhados do professor Fulano<\/li><li><strong>Quando:<\/strong>&nbsp;Ser\u00e1 no dia DD\/MM\/AAAA. Sairemos do campus \u00e0s 9h e retornaremos \u00e0s 18h<\/li><li><strong>Onde:<\/strong>&nbsp;No Parque Tecnol\u00f3gico da empresa XXX<\/li><li><strong>Como:<\/strong>&nbsp;Contatamos com a empresa por meio do professor. A empresa tem um projeto que visa \u00e0 atender estudantes e achamos uma boa ideia visitarmos<\/li><li><strong>Por qu\u00ea:<\/strong>&nbsp;Pesquisamos bastante em sala de aula sobre xxxx assunto e essa empresa trabalha justamente com inova\u00e7\u00f5es a respeito. Como estamos querendo desenvolver um projeto de pesquisa sobre o tema, pedimos que o professor conseguisse que f\u00f4ssemos atendidos na empresa.<\/li><\/ul>\n\n\n\n<p><strong>Obs.:<\/strong>&nbsp;N\u00e3o esque\u00e7a de deixar pelo menos um n\u00famero de celular para que possamos ligar e esclarecer d\u00favidas, marcarmos uma entrevista ou mesmo agendar uma cobertura para a pauta.<\/p>\n\n\n\n<p><\/p>\n\n\n\n<h5 class=\"wp-block-heading\"><strong>Leia mais\u2026<\/strong><\/h5>\n\n\n\n<p><a href=\"https:\/\/ifrs.edu.br\/canoas\/comunicacao\/como-fazer-um-otimo-texto-em-apenas-um-paragrafo\/\">https:\/\/ifrs.edu.br\/canoas\/comunicacao\/como-fazer-um-otimo-texto-em-apenas-um-paragrafo\/<\/a><\/p>\n\n\n\n<p><a href=\"https:\/\/ifrs.edu.br\/canoas\/comunicacao\/como-eu-devo-coletar-os-dados-para-a-noticia\/\">https:\/\/ifrs.edu.br\/canoas\/comunicacao\/como-eu-devo-coletar-os-dados-para-a-noticia\/<\/a><\/p>\n\n\n\n<p><a href=\"https:\/\/ifrs.edu.br\/canoas\/comunicacao\/como-saber-quando-tenho-uma-noticia\/\">https:\/\/ifrs.edu.br\/canoas\/comunicacao\/como-saber-quando-tenho-uma-noticia\/<\/a><\/p>\n\n\n\n<p><a href=\"https:\/\/ifrs.edu.br\/canoas\/comunicacao\/afinal-o-que-e-um-texto-jornalistico\/\">https:\/\/ifrs.edu.br\/canoas\/comunicacao\/afinal-o-que-e-um-texto-jornalistico\/<\/a><\/p>\n","protected":false},"excerpt":{"rendered":"<p>Sugest\u00f5es de pauta Para enviar informa\u00e7\u00f5es sobre um evento que ir\u00e1 ocorrer ou mesmo que j\u00e1 tenha ocorrido, favor acessar o\u00a0sistema de chamados\u00a0em\u00a0https:\/\/comunicacao.canoas.ifrs.edu.br\/\u00a0ou entrar em contato via e-mail\u00a0comunicacao@canoas.ifrs.edu.br Lembre-se&nbsp;de que&nbsp;\u00e9 importante que envie suas pautas antecipadamente (pelo menos uma semana)<\/p>\n","protected":false},"author":2,"featured_media":0,"parent":0,"menu_order":0,"comment_status":"closed","ping_status":"closed","template":"","meta":{"footnotes":""},"class_list":["post-506","page","type-page","status-publish","hentry"],"_links":{"self":[{"href":"https:\/\/guia.canoas.ifrs.edu.br\/index.php\/wp-json\/wp\/v2\/pages\/506","targetHints":{"allow":["GET"]}}],"collection":[{"href":"https:\/\/guia.canoas.ifrs.edu.br\/index.php\/wp-json\/wp\/v2\/pages"}],"about":[{"href":"https:\/\/guia.canoas.ifrs.edu.br\/index.php\/wp-json\/wp\/v2\/types\/page"}],"author":[{"embeddable":true,"href":"https:\/\/guia.canoas.ifrs.edu.br\/index.php\/wp-json\/wp\/v2\/users\/2"}],"replies":[{"embeddable":true,"href":"https:\/\/guia.canoas.ifrs.edu.br\/index.php\/wp-json\/wp\/v2\/comments?post=506"}],"version-history":[{"count":6,"href":"https:\/\/guia.canoas.ifrs.edu.br\/index.php\/wp-json\/wp\/v2\/pages\/506\/revisions"}],"predecessor-version":[{"id":513,"href":"https:\/\/guia.canoas.ifrs.edu.br\/index.php\/wp-json\/wp\/v2\/pages\/506\/revisions\/513"}],"wp:attachment":[{"href":"https:\/\/guia.canoas.ifrs.edu.br\/index.php\/wp-json\/wp\/v2\/media?parent=506"}],"curies":[{"name":"wp","href":"https:\/\/api.w.org\/{rel}","templated":true}]}}