{"id":89,"date":"2017-02-15T09:10:04","date_gmt":"2017-02-15T11:10:04","guid":{"rendered":"http:\/\/guia.canoas.ifrs.edu.br\/?page_id=89"},"modified":"2024-02-18T19:14:20","modified_gmt":"2024-02-18T22:14:20","slug":"ensino","status":"publish","type":"page","link":"https:\/\/guia.canoas.ifrs.edu.br\/index.php\/ensino\/","title":{"rendered":"Ensino"},"content":{"rendered":"<h4><strong><img loading=\"lazy\" decoding=\"async\" class=\"alignright wp-image-215\" src=\"http:\/\/guia.canoas.ifrs.edu.br\/wp-content\/uploads\/2017\/02\/Guia-Ensino.jpg\" width=\"371\" height=\"266\" \/><\/strong><\/h4>\n<h4>Dire\u00e7\u00e3o de Ensino<\/h4>\n<p>A Dire\u00e7\u00e3o de Ensino tem compet\u00eancias que envolvem:<\/p>\n<ul>\n<li>Planejar, desenvolver, coordenar, supervisionar, orientar e avaliar pol\u00edticas, projetos e a\u00e7\u00f5es de ensino e inova\u00e7\u00e3o em todos os n\u00edveis e modalidades de ensino;<\/li>\n<li>Promover a gest\u00e3o do funcionamento das atividades de ensino, dos setores e coordenadorias vinculados ao ensino e dos ambientes e recursos did\u00e1ticos;<\/li>\n<li>Elaborar propostas sobre as pol\u00edticas educacionais;<\/li>\n<li>Propor e implementar as pol\u00edticas institucionais de a\u00e7\u00f5es afirmativas e inclusivas em conjunto com os n\u00facleos.<\/li>\n<\/ul>\n<p>Compete ainda, entre outras atividades, promover a\u00e7\u00f5es que garantam a articula\u00e7\u00e3o entre o Ensino, a Pesquisa e a Extens\u00e3o e desempenhar as demais atribui\u00e7\u00f5es inerentes a esta dire\u00e7\u00e3o n\u00e3o especificadas em Regimento. As compet\u00eancias da Dire\u00e7\u00e3o de Ensino est\u00e3o descritas no Regimento Interno do Campus Canoas do IFRS.<\/p>\n<p><strong>Diretor de Ensino:<\/strong> Alexandre Tadachi Morey\u00a0<\/p>\n<ul>\n<li>E-mail: <a href=\"mailto:de@canoas.ifrs.edu.br\" target=\"_blank\" rel=\"noopener noreferrer\">de@canoas.ifrs.edu.br<\/a><\/li>\n<\/ul>\n<h4><span style=\"color: #ffffff;\">.<\/span><\/h4>\n<h4><strong>Coordena\u00e7\u00e3o de Ensino<\/strong><\/h4>\n<p>Conforme Regimento Interno Complementar do Campus Canoas do IFRS, compete \u00e0 Coordenadoria de Ensino:<\/p>\n<ul>\n<li>Organizar e divulgar informa\u00e7\u00f5es referentes \u00e0s atividades de ensino, em todos os n\u00edveis;<\/li>\n<li>Coordenar, acompanhar e avaliar o desenvolvimento do processo de ensino-aprendizagem, bem como operacionalizar a pol\u00edtica de desenvolvimento da \u00e1rea de ensino; aprovar, juntamente com o coordenador de curso, os planos de ensino;<\/li>\n<li>Coordenar a elabora\u00e7\u00e3o e atualiza\u00e7\u00e3o dos Projetos Pedag\u00f3gicos dos cursos, juntamente com o \u00a0coordenador de curso;<\/li>\n<li>Acompanhar a execu\u00e7\u00e3o de cursos de Extens\u00e3o;<\/li>\n<li>Participar da elabora\u00e7\u00e3o dos hor\u00e1rios dos cursos regulares ofertados no campus juntamente com os \u00a0coordenadores de curso;<\/li>\n<li>Supervisionar os di\u00e1rios de classe e registros de rendimento acad\u00eamico dos alunos de todas as disciplinas, solicitando aos docentes sua manuten\u00e7\u00e3o;<\/li>\n<li>Promover, apoiar e\/ou desenvolver programas de incentivo \u00e0 forma\u00e7\u00e3o discente ou de iniciativas extracurriculares, tais como a Mostra de Trabalhos T\u00e9cnicos, semin\u00e1rios, congressos e demais eventos de car\u00e1ter pedag\u00f3gico, juntamente com a Dire\u00e7\u00e3o de Ensino.<\/li>\n<\/ul>\n<p><span style=\"color: #ffffff;\">.<\/span><\/p>\n<p><strong>Coordenador de Ensino:<\/strong> Omar J\u00fanior Garcia Silveira<\/p>\n<ul>\n<li>E-mail: <a href=\"mailto:ce@canoas.ifrs.edu.br\" target=\"_blank\" rel=\"noopener noreferrer\">ce@canoas.ifrs.edu.br<\/a><\/li>\n<\/ul>\n<h4><span style=\"color: #ffffff;\">.<\/span><\/h4>\n<h4><strong>Coordena\u00e7\u00f5es de Curso<\/strong><\/h4>\n<p>A Coordena\u00e7\u00e3o de Curso \u00e9 o \u00f3rg\u00e3o respons\u00e1vel pela gest\u00e3o did\u00e1tico-pedag\u00f3gica do curso. Suas atribui\u00e7\u00f5es, estabelecidas na Resolu\u00e7\u00e3o n\u00ba 101, de 21 de outubro de 2014, do Conselho Superior do IFRS, incluem:<\/p>\n<ul>\n<li>Analisar, deliberar, despachar ou encaminhar os processos acad\u00eamicos, conforme as orienta\u00e7\u00f5es da Coordenadoria de Ensino ou equivalente;<\/li>\n<li>Colaborar na implanta\u00e7\u00e3o e acompanhamento das pol\u00edticas de ensino, pesquisa e extens\u00e3o, correspondente ao curso sob sua abrang\u00eancia;<\/li>\n<li>Coordenar, no \u00e2mbito de sua compet\u00eancia, a implanta\u00e7\u00e3o de atividades pedag\u00f3gicas e administrativas do curso em que atua;<\/li>\n<li>Zelar pela execu\u00e7\u00e3o did\u00e1tico-pedag\u00f3gica do estabelecido no Projeto Pedag\u00f3gico do curso;<\/li>\n<li>Atender e orientar os estudantes do seu respectivo curso, preferencialmente no turno de execu\u00e7\u00e3o do curso;<\/li>\n<li>Estimular o desenvolvimento da interdisciplinaridade em projetos integradores e inovadores de ensino e aprendizagem no curso de sua compet\u00eancia;<\/li>\n<li>Orientar o aluno na sua vida acad\u00eamica e em aspectos pertinentes ao mundo do trabalho para a sua futura atua\u00e7\u00e3o profissional.<\/li>\n<\/ul>\n<p><span style=\"color: #ffffff;\">.<\/span><\/p>\n<h4>Coordenadores(as) de curso<\/h4>\n<p><span style=\"color: #ffffff;\">.<\/span><\/p>\n<p><em><b>Coordena\u00e7\u00e3o do Curso T\u00e9cnico em Administra\u00e7\u00e3o Integrado ao Ensino M\u00e9dio<\/b><\/em><\/p>\n<p>Aline Noimann \u2013\u00a0<a href=\"mailto:coord.adm@canoas.ifrs.edu.br\" target=\"_blank\" rel=\"noopener noreferrer\">coord.adm@canoas.ifrs.edu.br<\/a><\/p>\n<p>\u00a0<\/p>\n<p><em><strong>Coordena\u00e7\u00e3o do Curso T\u00e9cnico em Desenvolvimento de Sistemas Integrado ao Ensino M\u00e9dio<\/strong><\/em><\/p>\n<p>Dolurdes Voos \u2013\u00a0<a href=\"mailto:coord.ds@canoas.ifrs.edu.br\">coord.ds@canoas.ifrs.edu.br<\/a><\/p>\n<p>\u00a0<\/p>\n<p><em><b>Coordena\u00e7\u00e3o do Curso T\u00e9cnico em Eletr\u00f4nica Integrado ao Ensino M\u00e9dio<\/b><\/em><\/p>\n<p>Leila de Almeida Castillo \u2013\u00a0<a href=\"mailto:coord.eletronica@canoas.ifrs.edu.br\" target=\"_blank\" rel=\"noopener noreferrer\">coord.eletronica@canoas.ifrs.edu.br<\/a><\/p>\n<p>\u00a0<\/p>\n<p><em><b>Coordena\u00e7\u00e3o dos Cursos T\u00e9cnico em Manuten\u00e7\u00e3o e Suporte em Inform\u00e1tica Integrado ao Ensino M\u00e9dio e T\u00e9cnico em Com\u00e9rcio Integrado ao Ensino M\u00e9dio \u2013 modalidade PROEJA<\/b><\/em><\/p>\n<p>Jaqueline Russczyk \u2013\u00a0<a href=\"mailto:coord.proeja@canoas.ifrs.edu.br\" target=\"_blank\" rel=\"noopener noreferrer\">coord.proeja@canoas.ifrs.edu.br<\/a><\/p>\n<p>\u00a0<\/p>\n<p><em><strong>Coordena\u00e7\u00e3o do Curso Superior em Engenharia Eletr\u00f4nica<\/strong><\/em><\/p>\n<p>Augusto Alexandre Durgante de Mattos &#8211; <a href=\"mailto:coord.ee@canoas.ifrs.edu.br\" target=\"_blank\" rel=\"noopener noreferrer\">coord.ee@canoas.ifrs.edu.br<\/a><\/p>\n<p>\u00a0<\/p>\n<p><em><b>Coordena\u00e7\u00e3o do Curso Superior de Matem\u00e1tica \u2013 Licenciatura<\/b><\/em><\/p>\n<p>Cl\u00e1udia Brum de Oliveira Fogliarini Filha\u00a0\u2013\u00a0<a href=\"mailto:coord.matematica@canoas.ifrs.edu.br\" target=\"_blank\" rel=\"noopener noreferrer\">coord.matematica@canoas.ifrs.edu.br<\/a><\/p>\n<p>\u00a0<\/p>\n<p><em><b>Coordena\u00e7\u00e3o do Curso Superior de Tecnologia em An\u00e1lise e Desenvolvimento de Sistemas<\/b><\/em><\/p>\n<p>Gustavo Neuberger \u2013 <a href=\"mailto:coord.tads@canoas.ifrs.edu.br\" target=\"_blank\" rel=\"noopener noreferrer\">coord.tads@canoas.ifrs.edu.br<\/a><\/p>\n<p>\u00a0<\/p>\n<p><em><b>Coordena\u00e7\u00e3o do Curso Superior de Tecnologia em Automa\u00e7\u00e3o Industrial<\/b><\/em><\/p>\n<p>Em\u00edlio Rodolfo Arend \u2013 <a href=\"mailto:coordenacao.automacao@canoas.ifrs.edu.br\" target=\"_blank\" rel=\"noopener noreferrer\">coord.automacao@canoas.ifrs.edu.br<\/a><\/p>\n<p>\u00a0<\/p>\n<p><em><b>Coordena\u00e7\u00e3o do Curso Superior de Tecnologia em Log\u00edstica<\/b><\/em><\/p>\n<p>Gilmar D\u2019Agostini Oliveira Casalinho \u2013\u00a0<a href=\"mailto:coord.logistica@canoas.ifrs.edu.br\" target=\"_blank\" rel=\"noopener noreferrer\">coord.logistica@canoas.ifrs.edu.br<\/a><\/p>\n<p>\u00a0<\/p>\n<p><em><strong>Coordena\u00e7\u00e3o do Curso de P\u00f3s-Gradua\u00e7\u00e3o em Gest\u00e3o de Projetos e Inova\u00e7\u00e3o<\/strong><\/em><\/p>\n<p>Aline Zulian \u2013\u00a0<a href=\"mailto:coord.gpi@canoas.ifrs.edu.br\">coord.gpi@canoas.ifrs.edu.br<\/a><\/p>\n<p>\u00a0<\/p>\n<p><em><strong>Coordena\u00e7\u00e3o da Especializa\u00e7\u00e3o em Linguagens Contempor\u00e2neas e Ensino<\/strong><\/em><\/p>\n<p>Sheila Katiane Staudt \u2013 <a href=\"mailto:coord.linguagens@canoas.ifrs.edu.br\" target=\"_blank\" rel=\"noopener noreferrer\">coord.linguagens@canoas.ifrs.edu.br<\/a><\/p>\n<p>\u00a0<\/p>\n<p><strong><em>Coordena\u00e7\u00e3o do Curso de<\/em>\u00a0Mestrado Profissional em Matem\u00e1tica em Rede Nacional (Profmat)<\/strong><\/p>\n<p>Nicolau Matiel Lunardi Diehl \u2013\u00a0<a href=\"https:\/\/ifrs.edu.br\/canoas\/ensino\/diretoria-de-ensino\/profmat@canoas.ifrs.edu.br\">profmat@canoas.ifrs.edu.br<\/a><\/p>\n<p>\u00a0<\/p>\n\n\n<p><\/p>\n","protected":false},"excerpt":{"rendered":"<p>Dire\u00e7\u00e3o de Ensino A Dire\u00e7\u00e3o de Ensino tem compet\u00eancias que envolvem: Planejar, desenvolver, coordenar, supervisionar, orientar e avaliar pol\u00edticas, projetos e a\u00e7\u00f5es de ensino e inova\u00e7\u00e3o em todos os n\u00edveis e modalidades de ensino; Promover a gest\u00e3o do funcionamento das<\/p>\n","protected":false},"author":2,"featured_media":0,"parent":0,"menu_order":0,"comment_status":"closed","ping_status":"closed","template":"","meta":{"footnotes":""},"class_list":["post-89","page","type-page","status-publish","hentry"],"_links":{"self":[{"href":"https:\/\/guia.canoas.ifrs.edu.br\/index.php\/wp-json\/wp\/v2\/pages\/89","targetHints":{"allow":["GET"]}}],"collection":[{"href":"https:\/\/guia.canoas.ifrs.edu.br\/index.php\/wp-json\/wp\/v2\/pages"}],"about":[{"href":"https:\/\/guia.canoas.ifrs.edu.br\/index.php\/wp-json\/wp\/v2\/types\/page"}],"author":[{"embeddable":true,"href":"https:\/\/guia.canoas.ifrs.edu.br\/index.php\/wp-json\/wp\/v2\/users\/2"}],"replies":[{"embeddable":true,"href":"https:\/\/guia.canoas.ifrs.edu.br\/index.php\/wp-json\/wp\/v2\/comments?post=89"}],"version-history":[{"count":18,"href":"https:\/\/guia.canoas.ifrs.edu.br\/index.php\/wp-json\/wp\/v2\/pages\/89\/revisions"}],"predecessor-version":[{"id":493,"href":"https:\/\/guia.canoas.ifrs.edu.br\/index.php\/wp-json\/wp\/v2\/pages\/89\/revisions\/493"}],"wp:attachment":[{"href":"https:\/\/guia.canoas.ifrs.edu.br\/index.php\/wp-json\/wp\/v2\/media?parent=89"}],"curies":[{"name":"wp","href":"https:\/\/api.w.org\/{rel}","templated":true}]}}