{"id":90,"date":"2017-02-15T09:10:04","date_gmt":"2017-02-15T11:10:04","guid":{"rendered":"http:\/\/guia.canoas.ifrs.edu.br\/?page_id=90"},"modified":"2024-02-17T16:43:55","modified_gmt":"2024-02-17T18:43:55","slug":"pesquisa","status":"publish","type":"page","link":"https:\/\/guia.canoas.ifrs.edu.br\/index.php\/pesquisa\/","title":{"rendered":"Pesquisa"},"content":{"rendered":"<h4><strong><img loading=\"lazy\" decoding=\"async\" class=\"alignright wp-image-217\" src=\"http:\/\/guia.canoas.ifrs.edu.br\/wp-content\/uploads\/2017\/02\/Guia-Pesquisa.jpg\" width=\"370\" height=\"265\" \/>Coordena\u00e7\u00e3o de Pesquisa<\/strong><\/h4>\n<p>Respons\u00e1vel pelos assuntos relacionados \u00e0 pesquisa cient\u00edfica acad\u00eamica. \u00a0Apoia, avalia e registra os projetos de pesquisa.<\/p>\n<p>Publica editais para a sele\u00e7\u00e3o de projetos e bolsistas. Para ser bolsista de pesquisa \u00e9 necess\u00e1rio participar de processo seletivo regido por edital, divulgado no site da institui\u00e7\u00e3o e nos murais do campus.<\/p>\n<p><strong>Coordenadora de Pesquisa:<\/strong> Aline Santos Oliveira<\/p>\n<p>E-mail: <a href=\"mailto:pesquisa@canoas.ifrs.edu.br\" target=\"_blank\" rel=\"noopener noreferrer\">pesquisa@canoas.ifrs.edu.br<\/a><\/p>\n","protected":false},"excerpt":{"rendered":"<p>Coordena\u00e7\u00e3o de Pesquisa Respons\u00e1vel pelos assuntos relacionados \u00e0 pesquisa cient\u00edfica acad\u00eamica. \u00a0Apoia, avalia e registra os projetos de pesquisa. Publica editais para a sele\u00e7\u00e3o de projetos e bolsistas. Para ser bolsista de pesquisa \u00e9 necess\u00e1rio participar de processo seletivo regido<\/p>\n","protected":false},"author":2,"featured_media":0,"parent":0,"menu_order":0,"comment_status":"closed","ping_status":"closed","template":"","meta":{"footnotes":""},"class_list":["post-90","page","type-page","status-publish","hentry"],"_links":{"self":[{"href":"https:\/\/guia.canoas.ifrs.edu.br\/index.php\/wp-json\/wp\/v2\/pages\/90","targetHints":{"allow":["GET"]}}],"collection":[{"href":"https:\/\/guia.canoas.ifrs.edu.br\/index.php\/wp-json\/wp\/v2\/pages"}],"about":[{"href":"https:\/\/guia.canoas.ifrs.edu.br\/index.php\/wp-json\/wp\/v2\/types\/page"}],"author":[{"embeddable":true,"href":"https:\/\/guia.canoas.ifrs.edu.br\/index.php\/wp-json\/wp\/v2\/users\/2"}],"replies":[{"embeddable":true,"href":"https:\/\/guia.canoas.ifrs.edu.br\/index.php\/wp-json\/wp\/v2\/comments?post=90"}],"version-history":[{"count":5,"href":"https:\/\/guia.canoas.ifrs.edu.br\/index.php\/wp-json\/wp\/v2\/pages\/90\/revisions"}],"predecessor-version":[{"id":438,"href":"https:\/\/guia.canoas.ifrs.edu.br\/index.php\/wp-json\/wp\/v2\/pages\/90\/revisions\/438"}],"wp:attachment":[{"href":"https:\/\/guia.canoas.ifrs.edu.br\/index.php\/wp-json\/wp\/v2\/media?parent=90"}],"curies":[{"name":"wp","href":"https:\/\/api.w.org\/{rel}","templated":true}]}}