{"id":91,"date":"2017-02-15T09:10:04","date_gmt":"2017-02-15T11:10:04","guid":{"rendered":"http:\/\/guia.canoas.ifrs.edu.br\/?page_id=91"},"modified":"2024-02-17T16:46:29","modified_gmt":"2024-02-17T18:46:29","slug":"extensao","status":"publish","type":"page","link":"https:\/\/guia.canoas.ifrs.edu.br\/index.php\/extensao\/","title":{"rendered":"Extens\u00e3o"},"content":{"rendered":"<h4><strong><img loading=\"lazy\" decoding=\"async\" class=\"alignright wp-image-219\" src=\"http:\/\/guia.canoas.ifrs.edu.br\/wp-content\/uploads\/2017\/02\/Guia-Extens\u00e3o.jpg\" width=\"381\" height=\"273\" \/><\/strong><\/h4>\n<h4>O que \u00e9?<\/h4>\n<p>Extens\u00e3o \u00e9 uma forma de intera\u00e7\u00e3o que DEVE existir entre a institui\u00e7\u00e3o de ensino e a comunidade na qual est\u00e1 inserida. \u00c9 uma esp\u00e9cie de ponte permanente entre, no caso, o Campus Canoas do IFRS e os diversos setores da sociedade.<\/p>\n<p><span style=\"color: #ffffff;\">.<\/span><\/p>\n<h4>Como funciona?<\/h4>\n<p>Funciona como uma via de duas m\u00e3os, em que o campus leva conhecimentos e\/ou assist\u00eancia \u00e0 comunidade, e recebe dela sugest\u00f5es de temas para estudo tendo em vista suas reais necessidades, seus anseios, aspira\u00e7\u00f5es.<\/p>\n<p>Al\u00e9m disso, os estudantes extensionistas tamb\u00e9m aprendem com o saber dessas comunidades. Ocorre, na realidade, uma troca de conhecimentos, em que os professores e estudantes tamb\u00e9m aprendem sobre os valores e a cultura da comunidade. Dessa forma, a institui\u00e7\u00e3o pode planejar e executar as atividades de extens\u00e3o respeitando e n\u00e3o violando esses valores e cultura.<\/p>\n<p><span style=\"color: #ffffff;\">.<\/span><\/p>\n<h4>Por que a Extens\u00e3o deve existir?<\/h4>\n<p>\u00c9 por meio da Extens\u00e3o que a institui\u00e7\u00e3o consegue levar at\u00e9 a comunidade os conhecimentos que transmite aos que t\u00eam oportunidade e aqueles que s\u00e3o produzidos no dia a dia das atividades de Ensino e Pesquisa.<\/p>\n<p>Al\u00e9m disso, como institui\u00e7\u00e3o p\u00fablica de ensino, o Campus Canoas do IFRS n\u00e3o cobra financeiramente de seus estudantes, mas isso n\u00e3o quer dizer que n\u00e3o h\u00e1 custo. Quem paga os estudos dos que aqui est\u00e3o \u00e9 a comunidade. E justo \u00e9 ela receber retorno desse investimento.<\/p>\n<p><span style=\"color: #ffffff;\">.<\/span><\/p>\n<h4>Por que eu devo e como fa\u00e7o para participar?<\/h4>\n<p>H\u00e1 um prov\u00e9rbio chin\u00eas datado de 4 mil anos a.C. que diz muito a respeito: \u201cSe decoro, esque\u00e7o. Se vejo, lembro-me. Se fa\u00e7o, aprendo\u201d.<\/p>\n<p>Para participar, voc\u00ea deve ficar atento aos editais que s\u00e3o publicados frequentemente no site do campus e divulgados pelos professores. Eles geralmente se referem a projetos, como por exemplo, dar curso de inform\u00e1tica para um grupo de pessoas na comunidade, e que necessitam de estudantes que est\u00e3o aprendendo sobre a atividade para que sejam monitores.<\/p>\n<p>Voc\u00ea tamb\u00e9m pode, no decorrer do curso, ter uma ideia de como levar os conhecimentos adquiridos para a comunidade. Ent\u00e3o \u00e9 interessante conversar com um professor e ver da possibilidade de desenvolverem um projeto de Extens\u00e3o.<\/p>\n<p><span style=\"color: #ffffff;\">.<\/span><\/p>\n<h4>Coordena\u00e7\u00e3o de Extens\u00e3o<\/h4>\n<p align=\"justify\">A Coordena\u00e7\u00e3o de Extens\u00e3o do Campus\u00a0Canoas do IFRS tem como algumas de suas atribui\u00e7\u00f5es:<\/p>\n<ul>\n<li>\n<p align=\"justify\">promover e expandir as a\u00e7\u00f5es de extens\u00e3o, com estreita rela\u00e7\u00e3o entre ensino e pesquisa, atrav\u00e9s do desenvolvimento de a\u00e7\u00f5es de relev\u00e2ncia social, cultural e de base solid\u00e1ria;<\/p>\n<\/li>\n<li>\n<p align=\"justify\">viabilizar mecanismos de acesso da sociedade \u00e0s atividades desenvolvidas pela Institui\u00e7\u00e3o;<\/p>\n<\/li>\n<li>\n<p align=\"justify\">fomentar a participa\u00e7\u00e3o dos servidores da Institui\u00e7\u00e3o em Editais de forma a viabilizar recursos para o apoio \u00e0s a\u00e7\u00f5es de extens\u00e3o;<\/p>\n<\/li>\n<li>\n<p align=\"justify\"><a name=\"_GoBack\"><\/a> apoiar o desenvolvimento de a\u00e7\u00f5es de integra\u00e7\u00e3o entre a Institui\u00e7\u00e3o e o mundo do trabalho e empreendedorismo;<\/p>\n<\/li>\n<li>\n<p align=\"justify\">realizar os encaminhamentos das atividades de est\u00e1gio curricular;<\/p>\n<\/li>\n<li>\n<p align=\"justify\">apoiar o desenvolvimento de a\u00e7\u00f5es inclusivas vinculadas ao N\u00facleo de Atendimento \u00e0s Pessoas com Necessidades Educacionais Espec\u00edficas (Napne), ao N\u00facleo de Estudos Afro-Brasileiros e Ind\u00edgenas (Neabi) e ao N\u00facleo de Estudo e Pesquisa em G\u00eanero e Sexualidade (NEPGS).<\/p>\n<\/li>\n<\/ul>\n<p><span style=\"color: #ffffff;\">.<\/span><\/p>\n<p><strong>Coordenador de Extens\u00e3o<\/strong>:<\/p>\n<ul>\n<li><strong>Marcos Daniel Schmidt de Aguiar<\/strong><\/li>\n<li><span style=\"font-size: inherit;\">E-mail: <\/span><a style=\"font-size: inherit;\" href=\"mailto:extens\u00e3o@canoas.ifrs.edu.br\" target=\"_blank\" rel=\"noopener noreferrer\">extens\u00e3o@canoas.ifrs.edu.br<\/a><\/li>\n<\/ul>\n","protected":false},"excerpt":{"rendered":"<p>O que \u00e9? Extens\u00e3o \u00e9 uma forma de intera\u00e7\u00e3o que DEVE existir entre a institui\u00e7\u00e3o de ensino e a comunidade na qual est\u00e1 inserida. \u00c9 uma esp\u00e9cie de ponte permanente entre, no caso, o Campus Canoas do IFRS e os<\/p>\n","protected":false},"author":2,"featured_media":0,"parent":0,"menu_order":0,"comment_status":"closed","ping_status":"closed","template":"","meta":{"footnotes":""},"class_list":["post-91","page","type-page","status-publish","hentry"],"_links":{"self":[{"href":"https:\/\/guia.canoas.ifrs.edu.br\/index.php\/wp-json\/wp\/v2\/pages\/91","targetHints":{"allow":["GET"]}}],"collection":[{"href":"https:\/\/guia.canoas.ifrs.edu.br\/index.php\/wp-json\/wp\/v2\/pages"}],"about":[{"href":"https:\/\/guia.canoas.ifrs.edu.br\/index.php\/wp-json\/wp\/v2\/types\/page"}],"author":[{"embeddable":true,"href":"https:\/\/guia.canoas.ifrs.edu.br\/index.php\/wp-json\/wp\/v2\/users\/2"}],"replies":[{"embeddable":true,"href":"https:\/\/guia.canoas.ifrs.edu.br\/index.php\/wp-json\/wp\/v2\/comments?post=91"}],"version-history":[{"count":13,"href":"https:\/\/guia.canoas.ifrs.edu.br\/index.php\/wp-json\/wp\/v2\/pages\/91\/revisions"}],"predecessor-version":[{"id":440,"href":"https:\/\/guia.canoas.ifrs.edu.br\/index.php\/wp-json\/wp\/v2\/pages\/91\/revisions\/440"}],"wp:attachment":[{"href":"https:\/\/guia.canoas.ifrs.edu.br\/index.php\/wp-json\/wp\/v2\/media?parent=91"}],"curies":[{"name":"wp","href":"https:\/\/api.w.org\/{rel}","templated":true}]}}